{"id":1312,"date":"2025-04-01T14:04:55","date_gmt":"2025-04-01T14:04:55","guid":{"rendered":"https:\/\/sites.ecclesia.pt\/caritas.pt\/caritasvilar\/?page_id=1312"},"modified":"2025-04-01T14:17:59","modified_gmt":"2025-04-01T14:17:59","slug":"entrada-2025","status":"publish","type":"page","link":"https:\/\/sites.ecclesia.pt\/caritas.pt\/caritasvilar\/","title":{"rendered":"entrada 2025"},"content":{"rendered":"\t\t<div data-elementor-type=\"wp-page\" data-elementor-id=\"1312\" class=\"elementor elementor-1312\">\n\t\t\t\t\t\t<section class=\"elementor-section elementor-top-section elementor-element elementor-element-e8e8aaf elementor-section-boxed elementor-section-height-default elementor-section-height-default\" data-id=\"e8e8aaf\" data-element_type=\"section\" data-e-type=\"section\">\n\t\t\t\t\t\t<div class=\"elementor-container elementor-column-gap-default\">\n\t\t\t\t\t<div class=\"elementor-column elementor-col-100 elementor-top-column elementor-element elementor-element-98fe935\" data-id=\"98fe935\" data-element_type=\"column\" data-e-type=\"column\">\n\t\t\t<div class=\"elementor-widget-wrap elementor-element-populated\">\n\t\t\t\t\t\t<div class=\"elementor-element elementor-element-cbb2019 elementor-widget elementor-widget-shortcode\" data-id=\"cbb2019\" data-element_type=\"widget\" data-e-type=\"widget\" data-widget_type=\"shortcode.default\">\n\t\t\t\t<div class=\"elementor-widget-container\">\n\t\t\t\t\t\t\t<div class=\"elementor-shortcode\"><div id=\"metaslider-id-1160\" style=\"width: 100%;\" class=\"ml-slider-3-105-0 metaslider metaslider-nivo metaslider-1160 ml-slider ms-theme-default\" role=\"region\" aria-label=\"entrada\" data-height=\"376\" data-width=\"955\">\n    <div id=\"metaslider_container_1160\">\n        <div class='slider-wrapper theme-default'><div class='ribbon'><\/div><div id='metaslider_1160' class='nivoSlider'><img fetchpriority=\"high\" decoding=\"async\" src=\"https:\/\/sites.ecclesia.pt\/caritas.pt\/caritasvilar\/wp-content\/uploads\/MAOS-954x375-1-952x375.jpg\" height=\"376\" width=\"955\" title=\"MAOS-954x375\" alt=\"\" class=\"slider-1160 slide-1243 msDefaultImage\" \/><img decoding=\"async\" src=\"https:\/\/sites.ecclesia.pt\/caritas.pt\/caritasvilar\/wp-content\/uploads\/foto-selo-CARITAS-VILAR-954x375-1-952x375.jpg\" height=\"376\" width=\"955\" title=\"foto-selo-CARITAS-VILAR-954x375\" alt=\"\" class=\"slider-1160 slide-1244 msDefaultImage\" \/><img decoding=\"async\" src=\"https:\/\/sites.ecclesia.pt\/caritas.pt\/caritasvilar\/wp-content\/uploads\/quarto-duplo-home-900x375-1-900x354.jpg\" height=\"376\" width=\"955\" title=\"quarto-duplo-home-900x375\" alt=\"\" class=\"slider-1160 slide-1245 msDefaultImage\" \/><img loading=\"lazy\" decoding=\"async\" src=\"https:\/\/sites.ecclesia.pt\/caritas.pt\/caritasvilar\/wp-content\/uploads\/fachada2p-954x375-1-952x375.jpg\" height=\"376\" width=\"955\" title=\"fachada2p-954x375\" alt=\"\" class=\"slider-1160 slide-1246 msDefaultImage\" \/><img loading=\"lazy\" decoding=\"async\" src=\"https:\/\/sites.ecclesia.pt\/caritas.pt\/caritasvilar\/wp-content\/uploads\/14524600_1111869265567176_6750978366680369850_o-954x375-1-952x375.jpg\" height=\"376\" width=\"955\" title=\"14524600_1111869265567176_6750978366680369850_o-954x375\" alt=\"\" class=\"slider-1160 slide-1247 msDefaultImage\" \/><img loading=\"lazy\" decoding=\"async\" src=\"https:\/\/sites.ecclesia.pt\/caritas.pt\/caritasvilar\/wp-content\/uploads\/IMG_2787-954x375-1-952x375.jpg\" height=\"376\" width=\"955\" title=\"IMG_2787-954x375\" alt=\"\" class=\"slider-1160 slide-1248 msDefaultImage\" \/><img loading=\"lazy\" decoding=\"async\" src=\"https:\/\/sites.ecclesia.pt\/caritas.pt\/caritasvilar\/wp-content\/uploads\/banco-alimentar-720x283.jpg\" height=\"376\" width=\"955\" title=\"banco-alimentar\" alt=\"\" class=\"slider-1160 slide-1251 msDefaultImage\" \/><\/div><\/div>\n        \n    <\/div>\n<\/div><\/div>\n\t\t\t\t\t\t<\/div>\n\t\t\t\t<\/div>\n\t\t\t\t\t<\/div>\n\t\t<\/div>\n\t\t\t\t\t<\/div>\n\t\t<\/section>\n\t\t\t\t<section class=\"elementor-section elementor-top-section elementor-element elementor-element-73d512c elementor-section-boxed elementor-section-height-default elementor-section-height-default\" data-id=\"73d512c\" data-element_type=\"section\" data-e-type=\"section\">\n\t\t\t\t\t\t<div class=\"elementor-container elementor-column-gap-default\">\n\t\t\t\t\t<div class=\"elementor-column elementor-col-100 elementor-top-column elementor-element elementor-element-0eab234\" data-id=\"0eab234\" data-element_type=\"column\" data-e-type=\"column\">\n\t\t\t<div class=\"elementor-widget-wrap elementor-element-populated\">\n\t\t\t\t\t\t<div class=\"elementor-element elementor-element-e35bd62 elementor-widget elementor-widget-heading\" data-id=\"e35bd62\" data-element_type=\"widget\" data-e-type=\"widget\" data-widget_type=\"heading.default\">\n\t\t\t\t<div class=\"elementor-widget-container\">\n\t\t\t\t\t<h2 class=\"elementor-heading-title elementor-size-default\">Servir a pessoa com respeito pela dignidade humana<\/h2>\t\t\t\t<\/div>\n\t\t\t\t<\/div>\n\t\t\t\t\t<\/div>\n\t\t<\/div>\n\t\t\t\t\t<\/div>\n\t\t<\/section>\n\t\t\t\t<section class=\"elementor-section elementor-top-section elementor-element elementor-element-3bb4c7f elementor-section-boxed elementor-section-height-default elementor-section-height-default\" data-id=\"3bb4c7f\" data-element_type=\"section\" data-e-type=\"section\">\n\t\t\t\t\t\t<div class=\"elementor-container elementor-column-gap-default\">\n\t\t\t\t\t<div class=\"elementor-column elementor-col-50 elementor-top-column elementor-element elementor-element-e19ad82\" data-id=\"e19ad82\" data-element_type=\"column\" data-e-type=\"column\">\n\t\t\t<div class=\"elementor-widget-wrap elementor-element-populated\">\n\t\t\t\t\t\t<div class=\"elementor-element elementor-element-d7acca0 elementor-widget elementor-widget-smart_post_show_pro_shortcode\" data-id=\"d7acca0\" data-element_type=\"widget\" data-e-type=\"widget\" data-widget_type=\"smart_post_show_pro_shortcode.default\">\n\t\t\t\t<div class=\"elementor-widget-container\">\n\t\t\t\t\t<style id=\"sp_pcp_dynamic_style1201\">#pcp_wrapper-1201:not(.sps-glossary-layout) .sp-pcp-row,#pcp_wrapper-1201 .sps-glossary-items-group .sps-glossary-items-content {margin-right: -10px;margin-left: -10px;}#pcp_wrapper-1201 .sp-pcp-row [class*='sp-pcp-col-']{padding-right: 10px;padding-left: 10px; padding-bottom:20px;}.pcp-wrapper-1201 .sp-pcp-title a {color: #111;display: inherit;} .pcp-wrapper-1201 .sp-pcp-title a:hover {color: #e1624b;}.pcp-wrapper-1201 .sp-pcp-post-content{color: #444; }#pcp_wrapper-1201 .sp-pcp-post {padding: 0 0 0 0;}#pcp_wrapper-1201.sp-slider_layout .sp-pcp-post .sp-pcp-post-details {top: 0; right:0; bottom:0; left:0;}#pcp_wrapper-1201 .sp-pcp-post {border: 0px solid #e2e2e2; border-radius: 0px }#pcp_wrapper-1201 .sp-pcp-post{background-color: transparent;}#pcp_wrapper-1201 .pcp-post-thumb-wrapper{border: 0px solid #dddddd;border-radius:0px;}.pcp-wrapper-1201 .sp-pcp-post-meta li,.pcp-wrapper-1201 .sp-pcp-post-meta ul,.pcp-wrapper-1201 .sp-pcp-post-meta li a{color: #888;}.pcp-wrapper-1201 .sp-pcp-post-meta li a:hover{color: #e1624b;}#pcp_wrapper-1201 .pcp-post-pagination .page-numbers.current, #pcp_wrapper-1201 .pcp-post-pagination a.active , #pcp_wrapper-1201 .pcp-post-pagination a:hover{ color: #ffffff; background: #e1624b; border-color: #e1624b; }#pcp_wrapper-1201 .pcp-post-pagination .page-numbers, .pcp-post-pagination a{ background: #ffffff; color:#5e5e5e; border: 2px solid #bbbbbb;border-radius: 2px; }#pcp_wrapper-1201 .pcp-post-pagination{text-align: left;}@media (min-width: 1200px) {.sp-pcp-row .sp-pcp-col-xl-1 {flex: 0 0 100%;}.sp-pcp-row .sp-pcp-col-xl-2 {flex: 1 1 calc( 50% - 20px);}.sp-pcp-row .sp-pcp-col-xl-3 {flex: 1 1 calc( 33.333% - 20px);}.sp-pcp-row .sp-pcp-col-xl-4 {flex: 1 1 calc( 25% - 20px);}.sp-pcp-row .sp-pcp-col-xl-5 { flex: 1 1 calc( 20% - 20px);}.sp-pcp-row .sp-pcp-col-xl-6 {flex: 1 1 calc( 16.66666666666667% - 20px);}.sp-pcp-row .sp-pcp-col-xl-7 {flex: 1 1 calc( 14.28571428% - 20px);}.sp-pcp-row .sp-pcp-col-xl-8 {flex: 1 1 calc( 12.5% - 20px);}}@media (max-width: 1200px) {.sp-pcp-row .sp-pcp-col-lg-1 {flex: 0 0 100%;}.sp-pcp-row .sp-pcp-col-lg-2 {flex: 1 1 calc( 50% - 20px);}.sp-pcp-row .sp-pcp-col-lg-3 {flex: 1 1 calc( 33.333% - 20px);}.sp-pcp-row .sp-pcp-col-lg-4 {flex: 1 1 calc( 25% - 20px);}.sp-pcp-row .sp-pcp-col-lg-5 { flex: 1 1 calc( 20% - 20px);}.sp-pcp-row .sp-pcp-col-lg-6 {flex: 1 1 calc( 16.66666666666667% - 20px);}.sp-pcp-row .sp-pcp-col-lg-7 {flex: 1 1 calc( 14.28571428% - 20px);}.sp-pcp-row .sp-pcp-col-lg-8 {flex: 1 1 calc( 12.5% - 20px);}}@media (max-width: 992px) {.sp-pcp-row .sp-pcp-col-md-1 {flex: 0 0 100%;}.sp-pcp-row .sp-pcp-col-md-2 {flex: 1 1 calc( 50% - 20px);}.sp-pcp-row .sp-pcp-col-md-2-5 {flex: 0 0 75%;}.sp-pcp-row .sp-pcp-col-md-3 {flex: 1 1 calc( 33.333% - 20px);}.sp-pcp-row .sp-pcp-col-md-4 {flex: 1 1 calc( 25% - 20px);}.sp-pcp-row .sp-pcp-col-md-5 { flex: 1 1 calc( 20% - 20px);}.sp-pcp-row .sp-pcp-col-md-6 {flex: 1 1 calc( 16.66666666666667% - 20px);}.sp-pcp-row .sp-pcp-col-md-7 {flex: 1 1 calc( 14.28571428% - 20px);}.sp-pcp-row .sp-pcp-col-md-8 {flex: 1 1 calc( 12.5% - 20px);}}@media (max-width: 768px) {.sp-pcp-row .sp-pcp-col-sm-1 {flex: 0 0 100%;}.sp-pcp-row .sp-pcp-col-sm-2 {flex: 1 1 calc( 50% - 20px);}.sp-pcp-row .sp-pcp-col-sm-2-5 {flex: 0 0 75%;}.sp-pcp-row .sp-pcp-col-sm-3 {flex: 1 1 calc( 33.333% - 20px);}.sp-pcp-row .sp-pcp-col-sm-4 {flex: 1 1 calc( 25% - 20px);}.sp-pcp-row .sp-pcp-col-sm-5 { flex: 1 1 calc( 20% - 20px);}.sp-pcp-row .sp-pcp-col-sm-6 {flex: 1 1 calc( 16.66666666666667% - 20px);}.sp-pcp-row .sp-pcp-col-sm-7 {flex: 1 1 calc( 14.28571428% - 20px);}.sp-pcp-row .sp-pcp-col-sm-8 {flex: 1 1 calc( 12.5% - 20px);}}@media (max-width: 420px) {.sp-pcp-row .sp-pcp-col-xs-1 {flex: 0 0 100%;}.sp-pcp-row .sp-pcp-col-xs-2 {flex: 1 1 calc( 50% - 20px);}.sp-pcp-row .sp-pcp-col-xs-3 {flex: 1 1 calc( 33.333% - 20px);}.sp-pcp-row .sp-pcp-col-xs-4 {flex: 1 1 calc( 25% - 20px);}.sp-pcp-row .sp-pcp-col-xs-5 { flex: 1 1 calc( 20% - 20px);}.sp-pcp-row .sp-pcp-col-xs-6 {flex: 1 1 calc( 16.66666666666667% - 20px);}.sp-pcp-row .sp-pcp-col-xs-7 {flex: 1 1 calc( 14.28571428% - 20px);}.sp-pcp-row .sp-pcp-col-xs-8 {flex: 1 1 calc( 12.5% - 20px);}}<\/style>\n<div id=\"pcp_wrapper-1201\" class=\"sp-pcp-section sp-pcp-container pcp-wrapper-1201\">\n\t<div class=\"sp-pcp-row\">\n\t\t\t\t<div class=\" sp-pcp-col-xs-1 sp-pcp-col-sm-1 sp-pcp-col-md-1 sp-pcp-col-lg-1 sp-pcp-col-xl-1\">\n\t\t\t<div class=\"sp-pcp-post default pcp-item-913\" data-id=\"913\">\n\t\t\t\t\t\t\t\t<div class=\"sp-pcp-post-details\">\n\t\t\t\t\t<div class=\"sp-pcp-post-details-content\">\n\t\t\t\t\t\t\t\t<h2 class=\"sp-pcp-title\">\n\t\t\t\t\t\t\t\t\t<a href=\"https:\/\/sites.ecclesia.pt\/caritas.pt\/caritasvilar\/mensagem-do-presidente-2\/\"  target=\"_self\">Mensagem do Presidente<\/a>\t\t\t\t\t\t\t<\/h2>\n\t\t\t\t\t\t<div class=\"sp-pcp-post-content\">\n\t\t\t<p style=\"text-align: justify\">Sa\u00fado todos os que est\u00e3o a ler estas palavras que vos escrevo enquanto Presidente da Dire\u00e7\u00e3o desta Institui\u00e7\u00e3o que j\u00e1 conta com mais de vinte e seis anos de vida e de trabalho em prol dos mais idosos e carenciados.<\/p>\n<p style=\"text-align: justify\">A Miss\u00e3o da institui\u00e7\u00e3o \u00e9 servir a pessoa com respeito pela sua dignidade humana e com isso dar qualidade de vida aos mais idosos, principalmente aos mais desprotegidos ou necessitados de cuidados que muitas vezes os familiares diretos n\u00e3o podem, n\u00e3o conseguem ou n\u00e3o est\u00e3o dispon\u00edveis para os assegurar.<\/p>\n<p style=\"text-align: justify\">A institui\u00e7\u00e3o \u00e9 uma refer\u00eancia na nossa terra, nas freguesias lim\u00edtrofes e no nosso sector da economia social, a prov\u00e1-lo est\u00e1 o n\u00famero de utentes atuais e os que se encontram em lista de espera. Isto \u00e9 um motivo de orgulho mas, tamb\u00e9m \u00e9 um redobrado sentido de responsabilidade que a Dire\u00e7\u00e3o tem sobre si.<\/p>\n<p style=\"text-align: justify\">A institui\u00e7\u00e3o que temos atualmente \u00e9 o resultado do trabalho conjunto das Dire\u00e7\u00f5es anteriores a quem deixo o meu reconhecimento e tamb\u00e9m do trabalho cont\u00ednuo que os nossos colaboradores t\u00eam dedicado a esta casa. De momento somos o maior empregador na Freguesia, por este motivo posso dizer que a Caritas auxilia cerca de cento e vinte fam\u00edlias, sejam utentes ou funcion\u00e1rios.<\/p>\n<p style=\"text-align: justify\">Continuaremos a servir os utentes da melhor forma para lhes proporcionar uma qualidade de vida que n\u00e3o teriam se n\u00e3o fossem institucionalizados.<\/p>\n<p style=\"text-align: justify\">Deixo um convite a todos e principalmente aos que n\u00e3o conhe\u00e7em a institui\u00e7\u00e3o a fazerem-nos uma visita, a conhecer as instala\u00e7\u00f5es, os servi\u00e7os, os funcion\u00e1rios e a deixarem, se quiserem, uma sugest\u00e3o de melhoria para que possamos fazer mais e melhor.<\/p>\n<p style=\"text-align: justify\">O Presidente da Dire\u00e7\u00e3o<\/p>\n<p style=\"text-align: justify\">Eduardo Nobre<\/p>\n\t\t<\/div>\n\t\t\t\t\t\t\t\t<\/div>\n\t\t\t\t<\/div>\n\t\t\t<\/div>\n\t\t<\/div>\n\t\t\t<\/div>\n\t\t<span class=\"sp-pcp-pagination-data\" style=\"display:none;\"><\/span>\n\n\t\t<nav class=\"pcp-post-pagination pcp-on-desktop\">\n\t\t\t\t\t<\/nav>\n\t\t\t\t\t<nav class=\"pcp-post-pagination pcp-on-mobile\">\n\t\t\t\t\t<\/nav>\n\t\t\t\t<\/div>\n\t\t\t\t<\/div>\n\t\t\t\t<\/div>\n\t\t\t\t\t<\/div>\n\t\t<\/div>\n\t\t\t\t<div class=\"elementor-column elementor-col-50 elementor-top-column elementor-element elementor-element-80697b1\" data-id=\"80697b1\" data-element_type=\"column\" data-e-type=\"column\">\n\t\t\t<div class=\"elementor-widget-wrap elementor-element-populated\">\n\t\t\t\t\t\t<div class=\"elementor-element elementor-element-579989a elementor-widget elementor-widget-smart_post_show_pro_shortcode\" data-id=\"579989a\" data-element_type=\"widget\" data-e-type=\"widget\" data-widget_type=\"smart_post_show_pro_shortcode.default\">\n\t\t\t\t<div class=\"elementor-widget-container\">\n\t\t\t\t\t<style id=\"sp_pcp_dynamic_style1211\">#pcp_wrapper-1211:not(.sps-glossary-layout) .sp-pcp-row,#pcp_wrapper-1211 .sps-glossary-items-group .sps-glossary-items-content {margin-right: -10px;margin-left: -10px;}#pcp_wrapper-1211 .sp-pcp-row [class*='sp-pcp-col-']{padding-right: 10px;padding-left: 10px; padding-bottom:20px;}.pcp-wrapper-1211 .sp-pcp-title a {color: #111;display: inherit;} .pcp-wrapper-1211 .sp-pcp-title a:hover {color: #e1624b;}.pcp-wrapper-1211 .sp-pcp-post-content{color: #444; }#pcp_wrapper-1211 .sp-pcp-post {padding: 0 0 0 0;}#pcp_wrapper-1211.sp-slider_layout .sp-pcp-post .sp-pcp-post-details {top: 0; right:0; bottom:0; left:0;}#pcp_wrapper-1211 .sp-pcp-post {border: 0px solid #e2e2e2; border-radius: 0px }#pcp_wrapper-1211 .sp-pcp-post{background-color: transparent;}#pcp_wrapper-1211 .pcp-post-thumb-wrapper{border: 0px solid #dddddd;border-radius:0px;}.pcp-wrapper-1211 .sp-pcp-post-meta li,.pcp-wrapper-1211 .sp-pcp-post-meta ul,.pcp-wrapper-1211 .sp-pcp-post-meta li a{color: #888;}.pcp-wrapper-1211 .sp-pcp-post-meta li a:hover{color: #e1624b;}#pcp_wrapper-1211 .pcp-post-pagination .page-numbers.current, #pcp_wrapper-1211 .pcp-post-pagination a.active , #pcp_wrapper-1211 .pcp-post-pagination a:hover{ color: #ffffff; background: #e1624b; border-color: #e1624b; }#pcp_wrapper-1211 .pcp-post-pagination .page-numbers, .pcp-post-pagination a{ background: #ffffff; color:#5e5e5e; border: 2px solid #bbbbbb;border-radius: 2px; }#pcp_wrapper-1211 .pcp-post-pagination{text-align: left;}@media (min-width: 1200px) {.sp-pcp-row .sp-pcp-col-xl-1 {flex: 0 0 100%;}.sp-pcp-row .sp-pcp-col-xl-2 {flex: 1 1 calc( 50% - 20px);}.sp-pcp-row .sp-pcp-col-xl-3 {flex: 1 1 calc( 33.333% - 20px);}.sp-pcp-row .sp-pcp-col-xl-4 {flex: 1 1 calc( 25% - 20px);}.sp-pcp-row .sp-pcp-col-xl-5 { flex: 1 1 calc( 20% - 20px);}.sp-pcp-row .sp-pcp-col-xl-6 {flex: 1 1 calc( 16.66666666666667% - 20px);}.sp-pcp-row .sp-pcp-col-xl-7 {flex: 1 1 calc( 14.28571428% - 20px);}.sp-pcp-row .sp-pcp-col-xl-8 {flex: 1 1 calc( 12.5% - 20px);}}@media (max-width: 1200px) {.sp-pcp-row .sp-pcp-col-lg-1 {flex: 0 0 100%;}.sp-pcp-row .sp-pcp-col-lg-2 {flex: 1 1 calc( 50% - 20px);}.sp-pcp-row .sp-pcp-col-lg-3 {flex: 1 1 calc( 33.333% - 20px);}.sp-pcp-row .sp-pcp-col-lg-4 {flex: 1 1 calc( 25% - 20px);}.sp-pcp-row .sp-pcp-col-lg-5 { flex: 1 1 calc( 20% - 20px);}.sp-pcp-row .sp-pcp-col-lg-6 {flex: 1 1 calc( 16.66666666666667% - 20px);}.sp-pcp-row .sp-pcp-col-lg-7 {flex: 1 1 calc( 14.28571428% - 20px);}.sp-pcp-row .sp-pcp-col-lg-8 {flex: 1 1 calc( 12.5% - 20px);}}@media (max-width: 992px) {.sp-pcp-row .sp-pcp-col-md-1 {flex: 0 0 100%;}.sp-pcp-row .sp-pcp-col-md-2 {flex: 1 1 calc( 50% - 20px);}.sp-pcp-row .sp-pcp-col-md-2-5 {flex: 0 0 75%;}.sp-pcp-row .sp-pcp-col-md-3 {flex: 1 1 calc( 33.333% - 20px);}.sp-pcp-row .sp-pcp-col-md-4 {flex: 1 1 calc( 25% - 20px);}.sp-pcp-row .sp-pcp-col-md-5 { flex: 1 1 calc( 20% - 20px);}.sp-pcp-row .sp-pcp-col-md-6 {flex: 1 1 calc( 16.66666666666667% - 20px);}.sp-pcp-row .sp-pcp-col-md-7 {flex: 1 1 calc( 14.28571428% - 20px);}.sp-pcp-row .sp-pcp-col-md-8 {flex: 1 1 calc( 12.5% - 20px);}}@media (max-width: 768px) {.sp-pcp-row .sp-pcp-col-sm-1 {flex: 0 0 100%;}.sp-pcp-row .sp-pcp-col-sm-2 {flex: 1 1 calc( 50% - 20px);}.sp-pcp-row .sp-pcp-col-sm-2-5 {flex: 0 0 75%;}.sp-pcp-row .sp-pcp-col-sm-3 {flex: 1 1 calc( 33.333% - 20px);}.sp-pcp-row .sp-pcp-col-sm-4 {flex: 1 1 calc( 25% - 20px);}.sp-pcp-row .sp-pcp-col-sm-5 { flex: 1 1 calc( 20% - 20px);}.sp-pcp-row .sp-pcp-col-sm-6 {flex: 1 1 calc( 16.66666666666667% - 20px);}.sp-pcp-row .sp-pcp-col-sm-7 {flex: 1 1 calc( 14.28571428% - 20px);}.sp-pcp-row .sp-pcp-col-sm-8 {flex: 1 1 calc( 12.5% - 20px);}}@media (max-width: 420px) {.sp-pcp-row .sp-pcp-col-xs-1 {flex: 0 0 100%;}.sp-pcp-row .sp-pcp-col-xs-2 {flex: 1 1 calc( 50% - 20px);}.sp-pcp-row .sp-pcp-col-xs-3 {flex: 1 1 calc( 33.333% - 20px);}.sp-pcp-row .sp-pcp-col-xs-4 {flex: 1 1 calc( 25% - 20px);}.sp-pcp-row .sp-pcp-col-xs-5 { flex: 1 1 calc( 20% - 20px);}.sp-pcp-row .sp-pcp-col-xs-6 {flex: 1 1 calc( 16.66666666666667% - 20px);}.sp-pcp-row .sp-pcp-col-xs-7 {flex: 1 1 calc( 14.28571428% - 20px);}.sp-pcp-row .sp-pcp-col-xs-8 {flex: 1 1 calc( 12.5% - 20px);}}<\/style>\n<div id=\"pcp_wrapper-1211\" class=\"sp-pcp-section sp-pcp-container pcp-wrapper-1211\">\n\t<div class=\"sp-pcp-row\">\n\t\t\t\t<div class=\" sp-pcp-col-xs-1 sp-pcp-col-sm-1 sp-pcp-col-md-1 sp-pcp-col-lg-1 sp-pcp-col-xl-1\">\n\t\t\t<div class=\"sp-pcp-post default pcp-item-1122\" data-id=\"1122\">\n\t\t\t\t\t\t\t\t<div class=\"pcp-post-thumb-wrapper\">\n\t\t\t\t\t<div class=\"sp-pcp-post-thumb-area\">\n\t\t\t\t\t\t\t\t\t\t\t\t<a class=\"sp-pcp-thumb\" href=\"https:\/\/sites.ecclesia.pt\/caritas.pt\/caritasvilar\/caritas-paroquial-de-vilar-recebe-sessao-de-contos-tradicionais-portugueses-por-antonio-fontinha\/\" target=\"_self\" >\n\t\t\t\t\t\t\t\t\t\t\t\t\t<img loading=\"lazy\" decoding=\"async\" src=\"https:\/\/sites.ecclesia.pt\/caritas.pt\/caritasvilar\/wp-content\/plugins\/post-carousel\/public\/assets\/img\/placeholder.png\" width=\"600\" height=\"450\" alt=\"\">\n\t\t\t\t\t\t<\/a>\n\t\t\t\t\t<\/div>\n\t\t\t\t<\/div>\n\t\t\t\t\t\t\t\t<div class=\"sp-pcp-post-details\">\n\t\t\t\t\t<div class=\"sp-pcp-post-details-content\">\n\t\t\t\t\t\t\t\t<h2 class=\"sp-pcp-title\">\n\t\t\t\t\t\t\t\t\t<a href=\"https:\/\/sites.ecclesia.pt\/caritas.pt\/caritasvilar\/caritas-paroquial-de-vilar-recebe-sessao-de-contos-tradicionais-portugueses-por-antonio-fontinha\/\"  target=\"_self\">C\u00e1ritas Paroquial de Vilar recebe \u201cSess\u00e3o de Contos Tradicionais Portugueses\u201d por Ant\u00f3nio Fontinha<\/a>\t\t\t\t\t\t\t<\/h2>\n\t\t\t\t\t\t<div class=\"sp-pcp-post-content\">\n\t\t\t<p>No passado dia 1 de fevereiro, a C\u00e1ritas Paroquial de Vilar recebeu a visita de um dos melhores Contadores de Hist\u00f3rias portugu\u00eas, Ant\u00f3nio Fontinha. O [&hellip;]<\/p>\n\t\t<\/div>\n\t\t\t\t\t\t\t\t<\/div>\n\t\t\t\t<\/div>\n\t\t\t<\/div>\n\t\t<\/div>\n\t\t\t\t<div class=\" sp-pcp-col-xs-1 sp-pcp-col-sm-1 sp-pcp-col-md-1 sp-pcp-col-lg-1 sp-pcp-col-xl-1\">\n\t\t\t<div class=\"sp-pcp-post default pcp-item-1102\" data-id=\"1102\">\n\t\t\t\t\t\t\t\t<div class=\"pcp-post-thumb-wrapper\">\n\t\t\t\t\t<div class=\"sp-pcp-post-thumb-area\">\n\t\t\t\t\t\t\t\t\t\t\t\t<a class=\"sp-pcp-thumb\" href=\"https:\/\/sites.ecclesia.pt\/caritas.pt\/caritasvilar\/procissao-das-velas-comemoracao-do-xxxi-aniversario-da-instituicao\/\" target=\"_self\" >\n\t\t\t\t\t\t\t\t\t\t\t\t\t<img loading=\"lazy\" decoding=\"async\" src=\"https:\/\/sites.ecclesia.pt\/caritas.pt\/caritasvilar\/wp-content\/plugins\/post-carousel\/public\/assets\/img\/placeholder.png\" width=\"600\" height=\"450\" alt=\"\">\n\t\t\t\t\t\t<\/a>\n\t\t\t\t\t<\/div>\n\t\t\t\t<\/div>\n\t\t\t\t\t\t\t\t<div class=\"sp-pcp-post-details\">\n\t\t\t\t\t<div class=\"sp-pcp-post-details-content\">\n\t\t\t\t\t\t\t\t<h2 class=\"sp-pcp-title\">\n\t\t\t\t\t\t\t\t\t<a href=\"https:\/\/sites.ecclesia.pt\/caritas.pt\/caritasvilar\/procissao-das-velas-comemoracao-do-xxxi-aniversario-da-instituicao\/\"  target=\"_self\">Prociss\u00e3o das Velas | Comemora\u00e7\u00e3o do XXXI Anivers\u00e1rio da Institui\u00e7\u00e3o<\/a>\t\t\t\t\t\t\t<\/h2>\n\t\t\t\t\t\t<div class=\"sp-pcp-post-content\">\n\t\t\t<p>No passado dia 12 de maio, a C\u00e1ritas Paroquial de Vilar em parceria com a par\u00f3quia do Vilar e os Escuteiros do Vilar (CNE 601) [&hellip;]<\/p>\n\t\t<\/div>\n\t\t\t\t\t\t\t\t<\/div>\n\t\t\t\t<\/div>\n\t\t\t<\/div>\n\t\t<\/div>\n\t\t\t<\/div>\n\t\t<span class=\"sp-pcp-pagination-data\" style=\"display:none;\"><\/span>\n\n\t\t<nav class=\"pcp-post-pagination pcp-on-desktop\">\n\t\t\t\t\t<\/nav>\n\t\t\t\t\t<nav class=\"pcp-post-pagination pcp-on-mobile\">\n\t\t\t\t\t<\/nav>\n\t\t\t\t<\/div>\n\t\t\t\t<\/div>\n\t\t\t\t<\/div>\n\t\t\t\t\t<\/div>\n\t\t<\/div>\n\t\t\t\t\t<\/div>\n\t\t<\/section>\n\t\t\t\t<\/div>\n\t\t","protected":false},"excerpt":{"rendered":"<p>Servir a pessoa com respeito pela dignidade humana Mensagem do Presidente Sa\u00fado todos os que est\u00e3o a ler estas palavras que vos escrevo enquanto Presidente [&hellip;]<\/p>\n","protected":false},"author":3,"featured_media":0,"parent":0,"menu_order":0,"comment_status":"closed","ping_status":"closed","template":"","meta":{"site-sidebar-layout":"no-sidebar","site-content-layout":"page-builder","ast-site-content-layout":"full-width-container","site-content-style":"default","site-sidebar-style":"default","ast-global-header-display":"","ast-banner-title-visibility":"","ast-main-header-display":"","ast-hfb-above-header-display":"","ast-hfb-below-header-display":"","ast-hfb-mobile-header-display":"","site-post-title":"disabled","ast-breadcrumbs-content":"","ast-featured-img":"disabled","footer-sml-layout":"","ast-disable-related-posts":"","theme-transparent-header-meta":"","adv-header-id-meta":"","stick-header-meta":"","header-above-stick-meta":"","header-main-stick-meta":"","header-below-stick-meta":"","astra-migrate-meta-layouts":"default","ast-page-background-enabled":"default","ast-page-background-meta":{"desktop":{"background-color":"var(--ast-global-color-4)","background-image":"","background-repeat":"repeat","background-position":"center center","background-size":"auto","background-attachment":"scroll","background-type":"","background-media":"","overlay-type":"","overlay-color":"","overlay-opacity":"","overlay-gradient":""},"tablet":{"background-color":"","background-image":"","background-repeat":"repeat","background-position":"center center","background-size":"auto","background-attachment":"scroll","background-type":"","background-media":"","overlay-type":"","overlay-color":"","overlay-opacity":"","overlay-gradient":""},"mobile":{"background-color":"","background-image":"","background-repeat":"repeat","background-position":"center center","background-size":"auto","background-attachment":"scroll","background-type":"","background-media":"","overlay-type":"","overlay-color":"","overlay-opacity":"","overlay-gradient":""}},"ast-content-background-meta":{"desktop":{"background-color":"var(--ast-global-color-5)","background-image":"","background-repeat":"repeat","background-position":"center center","background-size":"auto","background-attachment":"scroll","background-type":"","background-media":"","overlay-type":"","overlay-color":"","overlay-opacity":"","overlay-gradient":""},"tablet":{"background-color":"var(--ast-global-color-5)","background-image":"","background-repeat":"repeat","background-position":"center center","background-size":"auto","background-attachment":"scroll","background-type":"","background-media":"","overlay-type":"","overlay-color":"","overlay-opacity":"","overlay-gradient":""},"mobile":{"background-color":"var(--ast-global-color-5)","background-image":"","background-repeat":"repeat","background-position":"center center","background-size":"auto","background-attachment":"scroll","background-type":"","background-media":"","overlay-type":"","overlay-color":"","overlay-opacity":"","overlay-gradient":""}},"footnotes":""},"class_list":["post-1312","page","type-page","status-publish","hentry"],"_links":{"self":[{"href":"https:\/\/sites.ecclesia.pt\/caritas.pt\/caritasvilar\/wp-json\/wp\/v2\/pages\/1312","targetHints":{"allow":["GET"]}}],"collection":[{"href":"https:\/\/sites.ecclesia.pt\/caritas.pt\/caritasvilar\/wp-json\/wp\/v2\/pages"}],"about":[{"href":"https:\/\/sites.ecclesia.pt\/caritas.pt\/caritasvilar\/wp-json\/wp\/v2\/types\/page"}],"author":[{"embeddable":true,"href":"https:\/\/sites.ecclesia.pt\/caritas.pt\/caritasvilar\/wp-json\/wp\/v2\/users\/3"}],"replies":[{"embeddable":true,"href":"https:\/\/sites.ecclesia.pt\/caritas.pt\/caritasvilar\/wp-json\/wp\/v2\/comments?post=1312"}],"version-history":[{"count":9,"href":"https:\/\/sites.ecclesia.pt\/caritas.pt\/caritasvilar\/wp-json\/wp\/v2\/pages\/1312\/revisions"}],"predecessor-version":[{"id":1323,"href":"https:\/\/sites.ecclesia.pt\/caritas.pt\/caritasvilar\/wp-json\/wp\/v2\/pages\/1312\/revisions\/1323"}],"wp:attachment":[{"href":"https:\/\/sites.ecclesia.pt\/caritas.pt\/caritasvilar\/wp-json\/wp\/v2\/media?parent=1312"}],"curies":[{"name":"wp","href":"https:\/\/api.w.org\/{rel}","templated":true}]}}