{"id":168,"date":"2014-07-02T11:42:57","date_gmt":"2014-07-02T11:42:57","guid":{"rendered":"http:\/\/caritas.pt\/caritasvilar\/?page_id=168"},"modified":"2024-12-03T16:59:10","modified_gmt":"2024-12-03T16:59:10","slug":"missao-valores-e-visao","status":"publish","type":"page","link":"https:\/\/sites.ecclesia.pt\/caritas.pt\/caritasvilar\/instituicao\/missao-valores-e-visao\/","title":{"rendered":"Miss\u00e3o Valores e Vis\u00e3o"},"content":{"rendered":"<p style=\"text-align: justify;\"><span style=\"color: #ff0000;\"><b>Miss\u00e3o<\/b><\/span><\/p>\n<p style=\"text-align: justify;\"><b>\u201cServir a pessoa com respeito pela sua dignidade humana\u201d<\/b><br \/>\nUma vez que\u2026<\/p>\n<p style=\"text-align: justify;\">A <b>C\u00e1ritas Paroquial de Vilar<\/b> tem como miss\u00e3o a presta\u00e7\u00e3o de cuidados individualizados e personalizados em meio institucional a indiv\u00edduos e fam\u00edlias que, por motivo de doen\u00e7a, defici\u00eancia ou outro impedimento, n\u00e3o possam assegurar, tempor\u00e1ria ou permanentemente, a concretiza\u00e7\u00e3o das suas atividades de vida di\u00e1ria, contribuindo assim para a melhoria da sua qualidade de vida e\u00a0 do seu bem-estar.<\/p>\n<p style=\"text-align: justify;\"><span style=\"color: #ff0000;\"><b>Valores<\/b><\/span><\/p>\n<p style=\"text-align: justify;\">Os valores pelos quais a C\u00e1ritas Paroquial de Vilar pauta a sua atividade s\u00e3o:<\/p>\n<p style=\"text-align: justify;\"><b>\u00c9tica<\/b>, como princ\u00edpio orientador de toda a cultura organizacional<\/p>\n<p style=\"text-align: justify;\"><b>Solidariedade<\/b>, no acolher solid\u00e1rio dos que procurem os servi\u00e7os institucionais e na rela\u00e7\u00e3o com<\/p>\n<p style=\"text-align: justify;\">outros parceiros sociais<\/p>\n<p style=\"text-align: justify;\"><b>Cultivo da Espiritualidade<\/b>, tomado como fator de terapia e por ser intr\u00ednseco \u00e0 condi\u00e7\u00e3o humana<\/p>\n<p style=\"text-align: justify;\"><b>Caridade<\/b>, enquanto express\u00e3o dos valores evang\u00e9licos<\/p>\n<p style=\"text-align: justify;\"><b>Inova\u00e7\u00e3o <\/b>nos servi\u00e7os e pr\u00e1ticas de gest\u00e3o<\/p>\n<p style=\"text-align: justify;\"><b>Respeito <\/b>pela dignidade humana, na sua liberdade, individualidade, privacidade e demais direitos<\/p>\n<p style=\"text-align: justify;\"><b>Humaniza\u00e7\u00e3o <\/b>dos servi\u00e7os prestados<\/p>\n<p style=\"text-align: justify;\"><b>Igualdade de tratamento<\/b>, independentemente do g\u00e9nero, religi\u00e3o, ra\u00e7a, entre outros<\/p>\n<p style=\"text-align: justify;\"><b>Forma\u00e7\u00e3o <\/b>dos recursos humanos afetos \u00e0 Institui\u00e7\u00e3o<\/p>\n<p style=\"text-align: justify;\"><b>Qualidade <\/b>nos servi\u00e7os prestados<\/p>\n<p style=\"text-align: justify;\"><b>Probidade<\/b>, exatid\u00e3o e rigor em todos os atos de gest\u00e3o<\/p>\n<p style=\"text-align: justify;\"><b>Transpar\u00eancia<\/b>, na condu\u00e7\u00e3o da atividade e tomada de decis\u00e3o<\/p>\n<p style=\"text-align: justify;\"><b>Di\u00e1logo <\/b>com os intervenientes<\/p>\n<p style=\"text-align: justify;\"><span style=\"color: #ff0000;\"><b>Vis\u00e3o<\/b><\/span><\/p>\n<p style=\"text-align: justify;\">Promover as diversas respostas sociais de forma sustentada, integrando o nosso trabalho numa rede de parceiros sociais.<\/p>\n<p style=\"text-align: justify;\">Ser uma institui\u00e7\u00e3o de refer\u00eancia pela presta\u00e7\u00e3o de servi\u00e7os humanizados e de qualidade, preconizando o desenvolvimento humano e valorizando a rela\u00e7\u00e3o indiv\u00edduo\/fam\u00edlia.<\/p>\n","protected":false},"excerpt":{"rendered":"<p>Miss\u00e3o \u201cServir a pessoa com respeito pela sua dignidade humana\u201d Uma vez que\u2026 A C\u00e1ritas Paroquial de Vilar tem como miss\u00e3o a presta\u00e7\u00e3o de cuidados [&hellip;]<\/p>\n","protected":false},"author":1,"featured_media":0,"parent":166,"menu_order":0,"comment_status":"open","ping_status":"open","template":"","meta":{"site-sidebar-layout":"default","site-content-layout":"","ast-site-content-layout":"default","site-content-style":"default","site-sidebar-style":"default","ast-global-header-display":"","ast-banner-title-visibility":"","ast-main-header-display":"","ast-hfb-above-header-display":"","ast-hfb-below-header-display":"","ast-hfb-mobile-header-display":"","site-post-title":"","ast-breadcrumbs-content":"","ast-featured-img":"","footer-sml-layout":"","ast-disable-related-posts":"","theme-transparent-header-meta":"default","adv-header-id-meta":"","stick-header-meta":"default","header-above-stick-meta":"","header-main-stick-meta":"","header-below-stick-meta":"","astra-migrate-meta-layouts":"set","ast-page-background-enabled":"default","ast-page-background-meta":{"desktop":{"background-color":"var(--ast-global-color-4)","background-image":"","background-repeat":"repeat","background-position":"center center","background-size":"auto","background-attachment":"scroll","background-type":"","background-media":"","overlay-type":"","overlay-color":"","overlay-opacity":"","overlay-gradient":""},"tablet":{"background-color":"","background-image":"","background-repeat":"repeat","background-position":"center center","background-size":"auto","background-attachment":"scroll","background-type":"","background-media":"","overlay-type":"","overlay-color":"","overlay-opacity":"","overlay-gradient":""},"mobile":{"background-color":"","background-image":"","background-repeat":"repeat","background-position":"center center","background-size":"auto","background-attachment":"scroll","background-type":"","background-media":"","overlay-type":"","overlay-color":"","overlay-opacity":"","overlay-gradient":""}},"ast-content-background-meta":{"desktop":{"background-color":"var(--ast-global-color-5)","background-image":"","background-repeat":"repeat","background-position":"center center","background-size":"auto","background-attachment":"scroll","background-type":"","background-media":"","overlay-type":"","overlay-color":"","overlay-opacity":"","overlay-gradient":""},"tablet":{"background-color":"var(--ast-global-color-5)","background-image":"","background-repeat":"repeat","background-position":"center center","background-size":"auto","background-attachment":"scroll","background-type":"","background-media":"","overlay-type":"","overlay-color":"","overlay-opacity":"","overlay-gradient":""},"mobile":{"background-color":"var(--ast-global-color-5)","background-image":"","background-repeat":"repeat","background-position":"center center","background-size":"auto","background-attachment":"scroll","background-type":"","background-media":"","overlay-type":"","overlay-color":"","overlay-opacity":"","overlay-gradient":""}},"footnotes":""},"class_list":["post-168","page","type-page","status-publish","hentry"],"_links":{"self":[{"href":"https:\/\/sites.ecclesia.pt\/caritas.pt\/caritasvilar\/wp-json\/wp\/v2\/pages\/168","targetHints":{"allow":["GET"]}}],"collection":[{"href":"https:\/\/sites.ecclesia.pt\/caritas.pt\/caritasvilar\/wp-json\/wp\/v2\/pages"}],"about":[{"href":"https:\/\/sites.ecclesia.pt\/caritas.pt\/caritasvilar\/wp-json\/wp\/v2\/types\/page"}],"author":[{"embeddable":true,"href":"https:\/\/sites.ecclesia.pt\/caritas.pt\/caritasvilar\/wp-json\/wp\/v2\/users\/1"}],"replies":[{"embeddable":true,"href":"https:\/\/sites.ecclesia.pt\/caritas.pt\/caritasvilar\/wp-json\/wp\/v2\/comments?post=168"}],"version-history":[{"count":2,"href":"https:\/\/sites.ecclesia.pt\/caritas.pt\/caritasvilar\/wp-json\/wp\/v2\/pages\/168\/revisions"}],"predecessor-version":[{"id":1283,"href":"https:\/\/sites.ecclesia.pt\/caritas.pt\/caritasvilar\/wp-json\/wp\/v2\/pages\/168\/revisions\/1283"}],"up":[{"embeddable":true,"href":"https:\/\/sites.ecclesia.pt\/caritas.pt\/caritasvilar\/wp-json\/wp\/v2\/pages\/166"}],"wp:attachment":[{"href":"https:\/\/sites.ecclesia.pt\/caritas.pt\/caritasvilar\/wp-json\/wp\/v2\/media?parent=168"}],"curies":[{"name":"wp","href":"https:\/\/api.w.org\/{rel}","templated":true}]}}