{"id":178,"date":"2014-07-02T11:51:40","date_gmt":"2014-07-02T11:51:40","guid":{"rendered":"http:\/\/caritas.pt\/caritasvilar\/?page_id=178"},"modified":"2025-04-01T14:39:42","modified_gmt":"2025-04-01T14:39:42","slug":"estrutura-residencial-para-idosos","status":"publish","type":"page","link":"https:\/\/sites.ecclesia.pt\/caritas.pt\/caritasvilar\/respostas-sociais\/estrutura-residencial-para-idosos\/","title":{"rendered":"Estrutura Residencial para Pessoas Idosas"},"content":{"rendered":"<p style=\"text-align: justify;\"><img decoding=\"async\" class=\"wp-image-1263 size-medium alignleft\" src=\"https:\/\/sites.ecclesia.pt\/caritas.pt\/caritasvilar\/wp-content\/uploads\/entrada-2-S-900x375-1-1-300x125.jpg\" alt=\"\" width=\"300\" height=\"125\" srcset=\"https:\/\/sites.ecclesia.pt\/caritas.pt\/caritasvilar\/wp-content\/uploads\/entrada-2-S-900x375-1-1-300x125.jpg 300w, https:\/\/sites.ecclesia.pt\/caritas.pt\/caritasvilar\/wp-content\/uploads\/entrada-2-S-900x375-1-1-768x320.jpg 768w, https:\/\/sites.ecclesia.pt\/caritas.pt\/caritasvilar\/wp-content\/uploads\/entrada-2-S-900x375-1-1.jpg 900w\" sizes=\"(max-width: 300px) 100vw, 300px\" \/>A resposta social Estrutura Residencial para Pessoas Idosas (ERPI) destina-se a pessoas de ambos os sexos, com idade igual ou superior a 65 anos, cuja problem\u00e1tica biossocial n\u00e3o permita a perman\u00eancia no seu meio habitual de vida.<\/p>\n<p style=\"text-align: justify;\">A ERPI procura assegurar a satisfa\u00e7\u00e3o e qualidade de vida dos seus utentes, proporcionando-lhes todos os servi\u00e7os indispens\u00e1veis para o seu bem-estar f\u00edsico, mental, emocional, social e moral. Nesta institui\u00e7\u00e3o respeita-se a independ\u00eancia e privacidade de cada utente, garantindo apoio na prossecu\u00e7\u00e3o\/reformula\u00e7\u00e3o do seu projeto de vida. Pretende-se tamb\u00e9m contribuir para a estabiliza\u00e7\u00e3o ou retardamento do processo de envelhecimento, preservando a sociabilidade e promovendo as rela\u00e7\u00f5es intrafamiliares e inter geracionais.<\/p>\n<p style=\"text-align: justify;\">Com capacidade para 46 utentes, disp\u00f5e de quartos individuais, duplos e triplos.<\/p>\n<p style=\"padding-left: 20px; text-align: justify;\"><strong>Servi\u00e7os Prestados:<\/strong><\/p>\n<ul style=\"text-align: justify;\">\n<li>Alojamento em condi\u00e7\u00f5es de preservar a privacidade dos utentes;<\/li>\n<li>Alimenta\u00e7\u00e3o;<\/li>\n<li>Cuidados de higiene e conforto;<\/li>\n<li>Tratamento de roupas;<\/li>\n<li>Higiene ambiental dos espa\u00e7os individuais e coletivos;<\/li>\n<li>Ocupa\u00e7\u00e3o\/anima\u00e7\u00e3o atrav\u00e9s de atividades culturais, recreativas e sociais;<\/li>\n<li>Assist\u00eancia m\u00e9dica em cl\u00ednica geral;<\/li>\n<li>Cuidados de enfermagem;<\/li>\n<li>Acompanhamento psicossocial;<\/li>\n<li>Outros servi\u00e7os, consoante avalia\u00e7\u00e3o das necessidades<\/li>\n<\/ul>\n<p style=\"text-align: justify;\"><b><a href=\"https:\/\/sites.ecclesia.pt\/caritas.pt\/caritasvilar\/wp-content\/uploads\/Regulamento-Interno-ERPI.pdf\">Regulamento Interno: Consulte AQUI<\/a><br \/>\n<\/b><\/p>\n<div id='gallery-1' class='gallery galleryid-178 gallery-columns-3 gallery-size-medium'><figure class='gallery-item'>\n\t\t\t<div class='gallery-icon landscape'>\n\t\t\t\t<a href='https:\/\/sites.ecclesia.pt\/caritas.pt\/caritasvilar\/wp-content\/uploads\/quarto-11-1.jpg'><img fetchpriority=\"high\" decoding=\"async\" width=\"300\" height=\"300\" src=\"https:\/\/sites.ecclesia.pt\/caritas.pt\/caritasvilar\/wp-content\/uploads\/quarto-11-1-300x300.jpg\" class=\"attachment-medium size-medium\" alt=\"\" srcset=\"https:\/\/sites.ecclesia.pt\/caritas.pt\/caritasvilar\/wp-content\/uploads\/quarto-11-1-300x300.jpg 300w, https:\/\/sites.ecclesia.pt\/caritas.pt\/caritasvilar\/wp-content\/uploads\/quarto-11-1-150x150.jpg 150w, https:\/\/sites.ecclesia.pt\/caritas.pt\/caritasvilar\/wp-content\/uploads\/quarto-11-1.jpg 536w\" sizes=\"(max-width: 300px) 100vw, 300px\" \/><\/a>\n\t\t\t<\/div><\/figure><figure class='gallery-item'>\n\t\t\t<div class='gallery-icon landscape'>\n\t\t\t\t<a href='https:\/\/sites.ecclesia.pt\/caritas.pt\/caritasvilar\/wp-content\/uploads\/refeitorio-1-site1-1.jpg'><img decoding=\"async\" width=\"300\" height=\"300\" src=\"https:\/\/sites.ecclesia.pt\/caritas.pt\/caritasvilar\/wp-content\/uploads\/refeitorio-1-site1-1-300x300.jpg\" class=\"attachment-medium size-medium\" alt=\"\" srcset=\"https:\/\/sites.ecclesia.pt\/caritas.pt\/caritasvilar\/wp-content\/uploads\/refeitorio-1-site1-1-300x300.jpg 300w, https:\/\/sites.ecclesia.pt\/caritas.pt\/caritasvilar\/wp-content\/uploads\/refeitorio-1-site1-1-150x150.jpg 150w, https:\/\/sites.ecclesia.pt\/caritas.pt\/caritasvilar\/wp-content\/uploads\/refeitorio-1-site1-1.jpg 346w\" sizes=\"(max-width: 300px) 100vw, 300px\" \/><\/a>\n\t\t\t<\/div><\/figure><figure class='gallery-item'>\n\t\t\t<div class='gallery-icon landscape'>\n\t\t\t\t<a href='https:\/\/sites.ecclesia.pt\/caritas.pt\/caritasvilar\/wp-content\/uploads\/espaco-verga-1.jpg'><img loading=\"lazy\" decoding=\"async\" width=\"300\" height=\"201\" src=\"https:\/\/sites.ecclesia.pt\/caritas.pt\/caritasvilar\/wp-content\/uploads\/espaco-verga-1-300x201.jpg\" class=\"attachment-medium size-medium\" alt=\"\" srcset=\"https:\/\/sites.ecclesia.pt\/caritas.pt\/caritasvilar\/wp-content\/uploads\/espaco-verga-1-300x201.jpg 300w, https:\/\/sites.ecclesia.pt\/caritas.pt\/caritasvilar\/wp-content\/uploads\/espaco-verga-1-768x514.jpg 768w, https:\/\/sites.ecclesia.pt\/caritas.pt\/caritasvilar\/wp-content\/uploads\/espaco-verga-1.jpg 800w\" sizes=\"(max-width: 300px) 100vw, 300px\" \/><\/a>\n\t\t\t<\/div><\/figure><figure class='gallery-item'>\n\t\t\t<div class='gallery-icon portrait'>\n\t\t\t\t<a href='https:\/\/sites.ecclesia.pt\/caritas.pt\/caritasvilar\/wp-content\/uploads\/quarto-21-1.jpg'><img loading=\"lazy\" decoding=\"async\" width=\"295\" height=\"300\" src=\"https:\/\/sites.ecclesia.pt\/caritas.pt\/caritasvilar\/wp-content\/uploads\/quarto-21-1-295x300.jpg\" class=\"attachment-medium size-medium\" alt=\"\" srcset=\"https:\/\/sites.ecclesia.pt\/caritas.pt\/caritasvilar\/wp-content\/uploads\/quarto-21-1-295x300.jpg 295w, https:\/\/sites.ecclesia.pt\/caritas.pt\/caritasvilar\/wp-content\/uploads\/quarto-21-1.jpg 438w\" sizes=\"(max-width: 295px) 100vw, 295px\" \/><\/a>\n\t\t\t<\/div><\/figure><figure class='gallery-item'>\n\t\t\t<div class='gallery-icon portrait'>\n\t\t\t\t<a href='https:\/\/sites.ecclesia.pt\/caritas.pt\/caritasvilar\/wp-content\/uploads\/capela-51-1.jpg'><img loading=\"lazy\" decoding=\"async\" width=\"300\" height=\"300\" src=\"https:\/\/sites.ecclesia.pt\/caritas.pt\/caritasvilar\/wp-content\/uploads\/capela-51-1-300x300.jpg\" class=\"attachment-medium size-medium\" alt=\"\" srcset=\"https:\/\/sites.ecclesia.pt\/caritas.pt\/caritasvilar\/wp-content\/uploads\/capela-51-1-300x300.jpg 300w, https:\/\/sites.ecclesia.pt\/caritas.pt\/caritasvilar\/wp-content\/uploads\/capela-51-1-150x150.jpg 150w, https:\/\/sites.ecclesia.pt\/caritas.pt\/caritasvilar\/wp-content\/uploads\/capela-51-1.jpg 520w\" sizes=\"(max-width: 300px) 100vw, 300px\" \/><\/a>\n\t\t\t<\/div><\/figure><figure class='gallery-item'>\n\t\t\t<div class='gallery-icon landscape'>\n\t\t\t\t<a href='https:\/\/sites.ecclesia.pt\/caritas.pt\/caritasvilar\/wp-content\/uploads\/quarto-12-1.jpg'><img loading=\"lazy\" decoding=\"async\" width=\"300\" height=\"201\" src=\"https:\/\/sites.ecclesia.pt\/caritas.pt\/caritasvilar\/wp-content\/uploads\/quarto-12-1-300x201.jpg\" class=\"attachment-medium size-medium\" alt=\"\" srcset=\"https:\/\/sites.ecclesia.pt\/caritas.pt\/caritasvilar\/wp-content\/uploads\/quarto-12-1-300x201.jpg 300w, https:\/\/sites.ecclesia.pt\/caritas.pt\/caritasvilar\/wp-content\/uploads\/quarto-12-1-768x514.jpg 768w, https:\/\/sites.ecclesia.pt\/caritas.pt\/caritasvilar\/wp-content\/uploads\/quarto-12-1.jpg 800w\" sizes=\"(max-width: 300px) 100vw, 300px\" \/><\/a>\n\t\t\t<\/div><\/figure>\n\t\t<\/div>\n\n<p><span style=\"border-radius: 2px; text-indent: 20px; width: auto; padding: 0px 4px 0px 0px; text-align: center; font: bold 11px\/20px 'Helvetica Neue',Helvetica,sans-serif; color: #ffffff; background: #bd081c no-repeat scroll 3px 50% \/ 14px 14px; position: absolute; opacity: 1; z-index: 8675309; display: none; cursor: pointer;\">Guardar<\/span><\/p>\n<p><span style=\"border-radius: 2px; text-indent: 20px; width: auto; padding: 0px 4px 0px 0px; text-align: center; font: bold 11px\/20px 'Helvetica Neue',Helvetica,sans-serif; color: #ffffff; background: #bd081c no-repeat scroll 3px 50% \/ 14px 14px; position: absolute; opacity: 1; z-index: 8675309; display: none; cursor: pointer;\">Guardar<\/span><\/p>\n","protected":false},"excerpt":{"rendered":"<p>A resposta social Estrutura Residencial para Pessoas Idosas (ERPI) destina-se a pessoas de ambos os sexos, com idade igual ou superior a 65 anos, cuja [&hellip;]<\/p>\n","protected":false},"author":1,"featured_media":0,"parent":180,"menu_order":0,"comment_status":"open","ping_status":"open","template":"","meta":{"site-sidebar-layout":"default","site-content-layout":"","ast-site-content-layout":"default","site-content-style":"default","site-sidebar-style":"default","ast-global-header-display":"","ast-banner-title-visibility":"","ast-main-header-display":"","ast-hfb-above-header-display":"","ast-hfb-below-header-display":"","ast-hfb-mobile-header-display":"","site-post-title":"","ast-breadcrumbs-content":"","ast-featured-img":"","footer-sml-layout":"","ast-disable-related-posts":"","theme-transparent-header-meta":"default","adv-header-id-meta":"","stick-header-meta":"default","header-above-stick-meta":"","header-main-stick-meta":"","header-below-stick-meta":"","astra-migrate-meta-layouts":"set","ast-page-background-enabled":"default","ast-page-background-meta":{"desktop":{"background-color":"var(--ast-global-color-4)","background-image":"","background-repeat":"repeat","background-position":"center center","background-size":"auto","background-attachment":"scroll","background-type":"","background-media":"","overlay-type":"","overlay-color":"","overlay-opacity":"","overlay-gradient":""},"tablet":{"background-color":"","background-image":"","background-repeat":"repeat","background-position":"center center","background-size":"auto","background-attachment":"scroll","background-type":"","background-media":"","overlay-type":"","overlay-color":"","overlay-opacity":"","overlay-gradient":""},"mobile":{"background-color":"","background-image":"","background-repeat":"repeat","background-position":"center center","background-size":"auto","background-attachment":"scroll","background-type":"","background-media":"","overlay-type":"","overlay-color":"","overlay-opacity":"","overlay-gradient":""}},"ast-content-background-meta":{"desktop":{"background-color":"var(--ast-global-color-5)","background-image":"","background-repeat":"repeat","background-position":"center center","background-size":"auto","background-attachment":"scroll","background-type":"","background-media":"","overlay-type":"","overlay-color":"","overlay-opacity":"","overlay-gradient":""},"tablet":{"background-color":"var(--ast-global-color-5)","background-image":"","background-repeat":"repeat","background-position":"center center","background-size":"auto","background-attachment":"scroll","background-type":"","background-media":"","overlay-type":"","overlay-color":"","overlay-opacity":"","overlay-gradient":""},"mobile":{"background-color":"var(--ast-global-color-5)","background-image":"","background-repeat":"repeat","background-position":"center center","background-size":"auto","background-attachment":"scroll","background-type":"","background-media":"","overlay-type":"","overlay-color":"","overlay-opacity":"","overlay-gradient":""}},"footnotes":""},"class_list":["post-178","page","type-page","status-publish","hentry"],"_links":{"self":[{"href":"https:\/\/sites.ecclesia.pt\/caritas.pt\/caritasvilar\/wp-json\/wp\/v2\/pages\/178","targetHints":{"allow":["GET"]}}],"collection":[{"href":"https:\/\/sites.ecclesia.pt\/caritas.pt\/caritasvilar\/wp-json\/wp\/v2\/pages"}],"about":[{"href":"https:\/\/sites.ecclesia.pt\/caritas.pt\/caritasvilar\/wp-json\/wp\/v2\/types\/page"}],"author":[{"embeddable":true,"href":"https:\/\/sites.ecclesia.pt\/caritas.pt\/caritasvilar\/wp-json\/wp\/v2\/users\/1"}],"replies":[{"embeddable":true,"href":"https:\/\/sites.ecclesia.pt\/caritas.pt\/caritasvilar\/wp-json\/wp\/v2\/comments?post=178"}],"version-history":[{"count":21,"href":"https:\/\/sites.ecclesia.pt\/caritas.pt\/caritasvilar\/wp-json\/wp\/v2\/pages\/178\/revisions"}],"predecessor-version":[{"id":1328,"href":"https:\/\/sites.ecclesia.pt\/caritas.pt\/caritasvilar\/wp-json\/wp\/v2\/pages\/178\/revisions\/1328"}],"up":[{"embeddable":true,"href":"https:\/\/sites.ecclesia.pt\/caritas.pt\/caritasvilar\/wp-json\/wp\/v2\/pages\/180"}],"wp:attachment":[{"href":"https:\/\/sites.ecclesia.pt\/caritas.pt\/caritasvilar\/wp-json\/wp\/v2\/media?parent=178"}],"curies":[{"name":"wp","href":"https:\/\/api.w.org\/{rel}","templated":true}]}}