{"id":182,"date":"2014-07-02T11:55:04","date_gmt":"2014-07-02T11:55:04","guid":{"rendered":"http:\/\/caritas.pt\/caritasvilar\/?page_id=182"},"modified":"2024-12-03T13:02:37","modified_gmt":"2024-12-03T13:02:37","slug":"centro-de-dia","status":"publish","type":"page","link":"https:\/\/sites.ecclesia.pt\/caritas.pt\/caritasvilar\/respostas-sociais\/centro-de-dia\/","title":{"rendered":"Centro de Dia"},"content":{"rendered":"<p style=\"text-align: justify;\"><img fetchpriority=\"high\" decoding=\"async\" class=\"wp-image-1267 size-medium alignleft\" src=\"https:\/\/sites.ecclesia.pt\/caritas.pt\/caritasvilar\/wp-content\/uploads\/espaco-verga-1-300x201.jpg\" alt=\"\" width=\"300\" height=\"201\" srcset=\"https:\/\/sites.ecclesia.pt\/caritas.pt\/caritasvilar\/wp-content\/uploads\/espaco-verga-1-300x201.jpg 300w, https:\/\/sites.ecclesia.pt\/caritas.pt\/caritasvilar\/wp-content\/uploads\/espaco-verga-1-768x514.jpg 768w, https:\/\/sites.ecclesia.pt\/caritas.pt\/caritasvilar\/wp-content\/uploads\/espaco-verga-1.jpg 800w\" sizes=\"(max-width: 300px) 100vw, 300px\" \/>O Centro de Dia \u00e9 uma resposta social que consiste no acolhimento diurno e na presta\u00e7\u00e3o de um conjunto de servi\u00e7os que contribuam para a manuten\u00e7\u00e3o dos idosos no seu meio sociofamiliar. Deste modo, permite-se que o idoso preserve a sociabilidade e tamb\u00e9m que mantenha as rela\u00e7\u00f5es inter familiares e inter geracionais, adiando assim a sua institucionaliza\u00e7\u00e3o.<\/p>\n<p style=\"text-align: justify;\">O Centro de Dia, com capacidade para prestar apoio a 30 utentes, funciona nos dias \u00fateis, entre as 09:00h \u00e0s 17:00h, podendo todavia funcionar aos fins-de-semana, em casos excecionais.<\/p>\n<p style=\"text-align: justify;\"><span style=\"font-size: small;\"><strong>Servi\u00e7os Prestados:<\/strong><\/span><\/p>\n<ul style=\"text-align: justify;\">\n<li>Alimenta\u00e7\u00e3o;<\/li>\n<li>Cuidados de higiene e conforto;<\/li>\n<li>Tratamento de roupas;<\/li>\n<li>Pequenos cuidados de sa\u00fade<\/li>\n<li>Ocupa\u00e7\u00e3o\/anima\u00e7\u00e3o atrav\u00e9s de atividades culturais, recreativas e sociais;<\/li>\n<li>Acompanhamento psicossocial;<\/li>\n<li>Outros servi\u00e7os, consoante avalia\u00e7\u00e3o das necessidades.<\/li>\n<\/ul>\n<p style=\"text-align: justify;\"><b><a href=\"https:\/\/sites.ecclesia.pt\/caritas.pt\/caritasvilar\/wp-content\/uploads\/Regulamento-Interno-CD.pdf\">Regulamento Interno: Consulte AQUI<\/a><br \/>\n<\/b><\/p>\n\n<p><span style=\"border-radius: 2px; text-indent: 20px; width: auto; padding: 0px 4px 0px 0px; text-align: center; font: bold 11px\/20px 'Helvetica Neue',Helvetica,sans-serif; color: #ffffff; background: #bd081c  no-repeat scroll 3px 50% \/ 14px 14px; position: absolute; opacity: 1; z-index: 8675309; display: none; cursor: pointer;\">Guardar<\/span><\/p>\n<p><span style=\"border-radius: 2px; text-indent: 20px; width: auto; padding: 0px 4px 0px 0px; text-align: center; font: bold 11px\/20px 'Helvetica Neue',Helvetica,sans-serif; color: #ffffff; background: #bd081c  no-repeat scroll 3px 50% \/ 14px 14px; position: absolute; opacity: 1; z-index: 8675309; display: none; cursor: pointer;\">Guardar<\/span><\/p>\n","protected":false},"excerpt":{"rendered":"<p>O Centro de Dia \u00e9 uma resposta social que consiste no acolhimento diurno e na presta\u00e7\u00e3o de um conjunto de servi\u00e7os que contribuam para a [&hellip;]<\/p>\n","protected":false},"author":1,"featured_media":0,"parent":180,"menu_order":0,"comment_status":"open","ping_status":"open","template":"","meta":{"site-sidebar-layout":"default","site-content-layout":"","ast-site-content-layout":"default","site-content-style":"default","site-sidebar-style":"default","ast-global-header-display":"","ast-banner-title-visibility":"","ast-main-header-display":"","ast-hfb-above-header-display":"","ast-hfb-below-header-display":"","ast-hfb-mobile-header-display":"","site-post-title":"","ast-breadcrumbs-content":"","ast-featured-img":"","footer-sml-layout":"","ast-disable-related-posts":"","theme-transparent-header-meta":"default","adv-header-id-meta":"","stick-header-meta":"default","header-above-stick-meta":"","header-main-stick-meta":"","header-below-stick-meta":"","astra-migrate-meta-layouts":"set","ast-page-background-enabled":"default","ast-page-background-meta":{"desktop":{"background-color":"var(--ast-global-color-4)","background-image":"","background-repeat":"repeat","background-position":"center center","background-size":"auto","background-attachment":"scroll","background-type":"","background-media":"","overlay-type":"","overlay-color":"","overlay-opacity":"","overlay-gradient":""},"tablet":{"background-color":"","background-image":"","background-repeat":"repeat","background-position":"center center","background-size":"auto","background-attachment":"scroll","background-type":"","background-media":"","overlay-type":"","overlay-color":"","overlay-opacity":"","overlay-gradient":""},"mobile":{"background-color":"","background-image":"","background-repeat":"repeat","background-position":"center center","background-size":"auto","background-attachment":"scroll","background-type":"","background-media":"","overlay-type":"","overlay-color":"","overlay-opacity":"","overlay-gradient":""}},"ast-content-background-meta":{"desktop":{"background-color":"var(--ast-global-color-5)","background-image":"","background-repeat":"repeat","background-position":"center center","background-size":"auto","background-attachment":"scroll","background-type":"","background-media":"","overlay-type":"","overlay-color":"","overlay-opacity":"","overlay-gradient":""},"tablet":{"background-color":"var(--ast-global-color-5)","background-image":"","background-repeat":"repeat","background-position":"center center","background-size":"auto","background-attachment":"scroll","background-type":"","background-media":"","overlay-type":"","overlay-color":"","overlay-opacity":"","overlay-gradient":""},"mobile":{"background-color":"var(--ast-global-color-5)","background-image":"","background-repeat":"repeat","background-position":"center center","background-size":"auto","background-attachment":"scroll","background-type":"","background-media":"","overlay-type":"","overlay-color":"","overlay-opacity":"","overlay-gradient":""}},"footnotes":""},"class_list":["post-182","page","type-page","status-publish","hentry"],"_links":{"self":[{"href":"https:\/\/sites.ecclesia.pt\/caritas.pt\/caritasvilar\/wp-json\/wp\/v2\/pages\/182","targetHints":{"allow":["GET"]}}],"collection":[{"href":"https:\/\/sites.ecclesia.pt\/caritas.pt\/caritasvilar\/wp-json\/wp\/v2\/pages"}],"about":[{"href":"https:\/\/sites.ecclesia.pt\/caritas.pt\/caritasvilar\/wp-json\/wp\/v2\/types\/page"}],"author":[{"embeddable":true,"href":"https:\/\/sites.ecclesia.pt\/caritas.pt\/caritasvilar\/wp-json\/wp\/v2\/users\/1"}],"replies":[{"embeddable":true,"href":"https:\/\/sites.ecclesia.pt\/caritas.pt\/caritasvilar\/wp-json\/wp\/v2\/comments?post=182"}],"version-history":[{"count":32,"href":"https:\/\/sites.ecclesia.pt\/caritas.pt\/caritasvilar\/wp-json\/wp\/v2\/pages\/182\/revisions"}],"predecessor-version":[{"id":1272,"href":"https:\/\/sites.ecclesia.pt\/caritas.pt\/caritasvilar\/wp-json\/wp\/v2\/pages\/182\/revisions\/1272"}],"up":[{"embeddable":true,"href":"https:\/\/sites.ecclesia.pt\/caritas.pt\/caritasvilar\/wp-json\/wp\/v2\/pages\/180"}],"wp:attachment":[{"href":"https:\/\/sites.ecclesia.pt\/caritas.pt\/caritasvilar\/wp-json\/wp\/v2\/media?parent=182"}],"curies":[{"name":"wp","href":"https:\/\/api.w.org\/{rel}","templated":true}]}}