{"id":184,"date":"2014-07-02T11:55:50","date_gmt":"2014-07-02T11:55:50","guid":{"rendered":"http:\/\/caritas.pt\/caritasvilar\/?page_id=184"},"modified":"2024-12-03T12:54:16","modified_gmt":"2024-12-03T12:54:16","slug":"apoio-domiciliario","status":"publish","type":"page","link":"https:\/\/sites.ecclesia.pt\/caritas.pt\/caritasvilar\/respostas-sociais\/apoio-domiciliario\/","title":{"rendered":"Apoio Domicili\u00e1rio"},"content":{"rendered":"<p style=\"text-align: justify;\"><img decoding=\"async\" class=\"wp-image-1261 size-medium alignleft\" src=\"https:\/\/sites.ecclesia.pt\/caritas.pt\/caritasvilar\/wp-content\/uploads\/carrinha-apoio-domiciliario-s-900x375-1-1-300x125.jpg\" alt=\"\" width=\"300\" height=\"125\" srcset=\"https:\/\/sites.ecclesia.pt\/caritas.pt\/caritasvilar\/wp-content\/uploads\/carrinha-apoio-domiciliario-s-900x375-1-1-300x125.jpg 300w, https:\/\/sites.ecclesia.pt\/caritas.pt\/caritasvilar\/wp-content\/uploads\/carrinha-apoio-domiciliario-s-900x375-1-1-768x320.jpg 768w, https:\/\/sites.ecclesia.pt\/caritas.pt\/caritasvilar\/wp-content\/uploads\/carrinha-apoio-domiciliario-s-900x375-1-1.jpg 900w\" sizes=\"(max-width: 300px) 100vw, 300px\" \/>O Servi\u00e7o de Apoio Domicili\u00e1rio assegura a presta\u00e7\u00e3o de cuidados diversos, de ordem f\u00edsica e psicossocial, contribuindo para o equil\u00edbrio e bem-estar dos benefici\u00e1rios. Com esta resposta social pretende fomentar-se a crescente autonomia dos indiv\u00edduos, permitindo o desenvolvimento de capacidades e promovendo a integra\u00e7\u00e3o com a comunidade. Contribui-se desde logo para retardar o processo de envelhecimento bem como evitar a institucionaliza\u00e7\u00e3o precoce dos indiv\u00edduos.<\/p>\n<p style=\"text-align: justify;\">Com capacidade para abranger 40 utentes, o Apoio Domicili\u00e1rio funciona de segunda a sexta-feira, entre as 09.00h e as 1700h; aos s\u00e1bados \u00e9 assegurado o servi\u00e7o de distribui\u00e7\u00e3o de refei\u00e7\u00f5es para o fim-de-semana.<\/p>\n<p style=\"padding-left: 20px; text-align: justify;\"><strong>Servi\u00e7os Prestados:\u00a0<\/strong><\/p>\n<ul style=\"text-align: justify;\">\n<li>Alimenta\u00e7\u00e3o;<\/li>\n<li>Higiene habitacional;<\/li>\n<li>Cuidados de higiene e conforto;<\/li>\n<li>Pequenos cuidados de sa\u00fade;<\/li>\n<li>Contacto com o exterior;<\/li>\n<li>Tratamento de roupa;<\/li>\n<li>Apoio psicossocial;<\/li>\n<li>Outros servi\u00e7os, consoante avalia\u00e7\u00e3o das necessidades.<\/li>\n<\/ul>\n<p style=\"text-align: justify;\"><b><a href=\"https:\/\/sites.ecclesia.pt\/caritas.pt\/caritasvilar\/wp-content\/uploads\/Regulamento-Interno-SAD1.pdf\">Consulte AQUI:\u00a0<\/a><a href=\"https:\/\/sites.ecclesia.pt\/caritas.pt\/caritasvilar\/wp-content\/uploads\/Regulamento-Interno-SAD2.pdf\">Regulamento Interno SAD<\/a><br \/>\n<\/b><\/p>\n<p><span style=\"border-radius: 2px; text-indent: 20px; width: auto; padding: 0px 4px 0px 0px; text-align: center; font: bold 11px\/20px 'Helvetica Neue',Helvetica,sans-serif; color: #ffffff; background: #bd081c  no-repeat scroll 3px 50% \/ 14px 14px; position: absolute; opacity: 1; z-index: 8675309; display: none; cursor: pointer; top: 20px; left: 20px;\">Guardar<\/span><\/p>\n<p><span style=\"border-radius: 2px; text-indent: 20px; width: auto; padding: 0px 4px 0px 0px; text-align: center; font: bold 11px\/20px 'Helvetica Neue',Helvetica,sans-serif; color: #ffffff; background: #bd081c  no-repeat scroll 3px 50% \/ 14px 14px; position: absolute; opacity: 1; z-index: 8675309; display: none; cursor: pointer; top: 20px; left: 20px;\">Guardar<\/span><\/p>\n","protected":false},"excerpt":{"rendered":"<p>O Servi\u00e7o de Apoio Domicili\u00e1rio assegura a presta\u00e7\u00e3o de cuidados diversos, de ordem f\u00edsica e psicossocial, contribuindo para o equil\u00edbrio e bem-estar dos benefici\u00e1rios. Com [&hellip;]<\/p>\n","protected":false},"author":1,"featured_media":0,"parent":180,"menu_order":0,"comment_status":"open","ping_status":"open","template":"","meta":{"site-sidebar-layout":"default","site-content-layout":"","ast-site-content-layout":"default","site-content-style":"default","site-sidebar-style":"default","ast-global-header-display":"","ast-banner-title-visibility":"","ast-main-header-display":"","ast-hfb-above-header-display":"","ast-hfb-below-header-display":"","ast-hfb-mobile-header-display":"","site-post-title":"","ast-breadcrumbs-content":"","ast-featured-img":"","footer-sml-layout":"","ast-disable-related-posts":"","theme-transparent-header-meta":"default","adv-header-id-meta":"","stick-header-meta":"default","header-above-stick-meta":"","header-main-stick-meta":"","header-below-stick-meta":"","astra-migrate-meta-layouts":"set","ast-page-background-enabled":"default","ast-page-background-meta":{"desktop":{"background-color":"var(--ast-global-color-4)","background-image":"","background-repeat":"repeat","background-position":"center center","background-size":"auto","background-attachment":"scroll","background-type":"","background-media":"","overlay-type":"","overlay-color":"","overlay-opacity":"","overlay-gradient":""},"tablet":{"background-color":"","background-image":"","background-repeat":"repeat","background-position":"center center","background-size":"auto","background-attachment":"scroll","background-type":"","background-media":"","overlay-type":"","overlay-color":"","overlay-opacity":"","overlay-gradient":""},"mobile":{"background-color":"","background-image":"","background-repeat":"repeat","background-position":"center center","background-size":"auto","background-attachment":"scroll","background-type":"","background-media":"","overlay-type":"","overlay-color":"","overlay-opacity":"","overlay-gradient":""}},"ast-content-background-meta":{"desktop":{"background-color":"var(--ast-global-color-5)","background-image":"","background-repeat":"repeat","background-position":"center center","background-size":"auto","background-attachment":"scroll","background-type":"","background-media":"","overlay-type":"","overlay-color":"","overlay-opacity":"","overlay-gradient":""},"tablet":{"background-color":"var(--ast-global-color-5)","background-image":"","background-repeat":"repeat","background-position":"center center","background-size":"auto","background-attachment":"scroll","background-type":"","background-media":"","overlay-type":"","overlay-color":"","overlay-opacity":"","overlay-gradient":""},"mobile":{"background-color":"var(--ast-global-color-5)","background-image":"","background-repeat":"repeat","background-position":"center center","background-size":"auto","background-attachment":"scroll","background-type":"","background-media":"","overlay-type":"","overlay-color":"","overlay-opacity":"","overlay-gradient":""}},"footnotes":""},"class_list":["post-184","page","type-page","status-publish","hentry"],"_links":{"self":[{"href":"https:\/\/sites.ecclesia.pt\/caritas.pt\/caritasvilar\/wp-json\/wp\/v2\/pages\/184","targetHints":{"allow":["GET"]}}],"collection":[{"href":"https:\/\/sites.ecclesia.pt\/caritas.pt\/caritasvilar\/wp-json\/wp\/v2\/pages"}],"about":[{"href":"https:\/\/sites.ecclesia.pt\/caritas.pt\/caritasvilar\/wp-json\/wp\/v2\/types\/page"}],"author":[{"embeddable":true,"href":"https:\/\/sites.ecclesia.pt\/caritas.pt\/caritasvilar\/wp-json\/wp\/v2\/users\/1"}],"replies":[{"embeddable":true,"href":"https:\/\/sites.ecclesia.pt\/caritas.pt\/caritasvilar\/wp-json\/wp\/v2\/comments?post=184"}],"version-history":[{"count":11,"href":"https:\/\/sites.ecclesia.pt\/caritas.pt\/caritasvilar\/wp-json\/wp\/v2\/pages\/184\/revisions"}],"predecessor-version":[{"id":1262,"href":"https:\/\/sites.ecclesia.pt\/caritas.pt\/caritasvilar\/wp-json\/wp\/v2\/pages\/184\/revisions\/1262"}],"up":[{"embeddable":true,"href":"https:\/\/sites.ecclesia.pt\/caritas.pt\/caritasvilar\/wp-json\/wp\/v2\/pages\/180"}],"wp:attachment":[{"href":"https:\/\/sites.ecclesia.pt\/caritas.pt\/caritasvilar\/wp-json\/wp\/v2\/media?parent=184"}],"curies":[{"name":"wp","href":"https:\/\/api.w.org\/{rel}","templated":true}]}}