{"id":196,"date":"2014-07-02T12:18:10","date_gmt":"2014-07-02T12:18:10","guid":{"rendered":"http:\/\/caritas.pt\/caritasvilar\/?page_id=196"},"modified":"2020-01-23T17:41:05","modified_gmt":"2020-01-23T17:41:05","slug":"rede-social","status":"publish","type":"page","link":"https:\/\/sites.ecclesia.pt\/caritas.pt\/caritasvilar\/projetos\/rede-social\/","title":{"rendered":"Rede Social"},"content":{"rendered":"<p style=\"text-align: justify;\">A <b>Rede Social<\/b> \u00e9 um trabalho de parceria entre entidades p\u00fablicas e privadas com o objetivo de concertar pol\u00edticas de interven\u00e7\u00e3o social num determinado territ\u00f3rio, otimizando e rentabilizando os recursos dispon\u00edveis. A <b>C\u00e1ritas Paroquial de Vilar<\/b> faz parte desta estrutura de interven\u00e7\u00e3o social existente no concelho do Cadaval.<\/p>\n<p style=\"text-align: justify;\">Criada em 1997 por Resolu\u00e7\u00e3o do Conselho de Ministros e regulamentada pelo Decreto de Lei n.\u00ba 115\/2006, de 14 de Junho, a <b>Rede Social<\/b> tem por objetivo mobilizar, em parceria, as entidades que atuam num mesmo territ\u00f3rio com vista \u00e0 concerta\u00e7\u00e3o das pol\u00edticas e projectos de interven\u00e7\u00e3o, possibilitando igualmente a optimiza\u00e7\u00e3o dos recursos a explorar com a finalidade de prestar ajuda \u00e0s fam\u00edlias carenciadas. O trabalho em parceria que a Rede Social potencia permite a planifica\u00e7\u00e3o estrat\u00e9gica da interven\u00e7\u00e3o social a n\u00edvel local, contribuindo para a diminui\u00e7\u00e3o dos fen\u00f3menos de pobreza e exclus\u00e3o social.<\/p>\n<p style=\"text-align: justify;\">Um dos \u00f3rg\u00e3os da <b>Rede Social do Cadaval<\/b> \u00e9 o <b>Conselho Local de A\u00e7\u00e3o Social (CLAS)<\/b>, do qual fazem parte v\u00e1rias entidades p\u00fablicas e privadas que interv\u00eam no concelho no dom\u00ednio do desenvolvimento social local. A <b>C\u00e1ritas Paroquial de Vilar<\/b> \u00e9 uma das entidades parceiras do <b>CLAS<\/b>, colaborando ativamente na elabora\u00e7\u00e3o do diagn\u00f3stico social, bem como na prossecu\u00e7\u00e3o dos objetivos e a\u00e7\u00f5es definidos nos planos de a\u00e7\u00e3o tra\u00e7ados.<\/p>\n<p style=\"text-align: justify;\">Para mais informa\u00e7\u00f5es, consulte o site da C\u00e2mara Municipal do Cadaval\/Rede Social: <a title=\"Rede Social Cadaval\" href=\"http:\/\/www.cm-cadaval.pt\/rede-social-do-concelho-do-cadaval\" target=\"_blank\">consulte <strong>AQUI<\/strong><\/a>.<\/p>\n<p style=\"text-align: justify;\">\n","protected":false},"excerpt":{"rendered":"<p>A Rede Social \u00e9 um trabalho de parceria entre entidades p\u00fablicas e privadas com o objetivo de concertar pol\u00edticas de interven\u00e7\u00e3o social num determinado territ\u00f3rio, [&hellip;]<\/p>\n","protected":false},"author":1,"featured_media":0,"parent":190,"menu_order":0,"comment_status":"open","ping_status":"open","template":"","meta":{"site-sidebar-layout":"default","site-content-layout":"","ast-site-content-layout":"default","site-content-style":"default","site-sidebar-style":"default","ast-global-header-display":"","ast-banner-title-visibility":"","ast-main-header-display":"","ast-hfb-above-header-display":"","ast-hfb-below-header-display":"","ast-hfb-mobile-header-display":"","site-post-title":"","ast-breadcrumbs-content":"","ast-featured-img":"","footer-sml-layout":"","ast-disable-related-posts":"","theme-transparent-header-meta":"","adv-header-id-meta":"","stick-header-meta":"","header-above-stick-meta":"","header-main-stick-meta":"","header-below-stick-meta":"","astra-migrate-meta-layouts":"default","ast-page-background-enabled":"default","ast-page-background-meta":{"desktop":{"background-color":"var(--ast-global-color-4)","background-image":"","background-repeat":"repeat","background-position":"center center","background-size":"auto","background-attachment":"scroll","background-type":"","background-media":"","overlay-type":"","overlay-color":"","overlay-opacity":"","overlay-gradient":""},"tablet":{"background-color":"","background-image":"","background-repeat":"repeat","background-position":"center center","background-size":"auto","background-attachment":"scroll","background-type":"","background-media":"","overlay-type":"","overlay-color":"","overlay-opacity":"","overlay-gradient":""},"mobile":{"background-color":"","background-image":"","background-repeat":"repeat","background-position":"center center","background-size":"auto","background-attachment":"scroll","background-type":"","background-media":"","overlay-type":"","overlay-color":"","overlay-opacity":"","overlay-gradient":""}},"ast-content-background-meta":{"desktop":{"background-color":"var(--ast-global-color-5)","background-image":"","background-repeat":"repeat","background-position":"center center","background-size":"auto","background-attachment":"scroll","background-type":"","background-media":"","overlay-type":"","overlay-color":"","overlay-opacity":"","overlay-gradient":""},"tablet":{"background-color":"var(--ast-global-color-5)","background-image":"","background-repeat":"repeat","background-position":"center center","background-size":"auto","background-attachment":"scroll","background-type":"","background-media":"","overlay-type":"","overlay-color":"","overlay-opacity":"","overlay-gradient":""},"mobile":{"background-color":"var(--ast-global-color-5)","background-image":"","background-repeat":"repeat","background-position":"center center","background-size":"auto","background-attachment":"scroll","background-type":"","background-media":"","overlay-type":"","overlay-color":"","overlay-opacity":"","overlay-gradient":""}},"footnotes":""},"class_list":["post-196","page","type-page","status-publish","hentry"],"_links":{"self":[{"href":"https:\/\/sites.ecclesia.pt\/caritas.pt\/caritasvilar\/wp-json\/wp\/v2\/pages\/196","targetHints":{"allow":["GET"]}}],"collection":[{"href":"https:\/\/sites.ecclesia.pt\/caritas.pt\/caritasvilar\/wp-json\/wp\/v2\/pages"}],"about":[{"href":"https:\/\/sites.ecclesia.pt\/caritas.pt\/caritasvilar\/wp-json\/wp\/v2\/types\/page"}],"author":[{"embeddable":true,"href":"https:\/\/sites.ecclesia.pt\/caritas.pt\/caritasvilar\/wp-json\/wp\/v2\/users\/1"}],"replies":[{"embeddable":true,"href":"https:\/\/sites.ecclesia.pt\/caritas.pt\/caritasvilar\/wp-json\/wp\/v2\/comments?post=196"}],"version-history":[{"count":5,"href":"https:\/\/sites.ecclesia.pt\/caritas.pt\/caritasvilar\/wp-json\/wp\/v2\/pages\/196\/revisions"}],"predecessor-version":[{"id":924,"href":"https:\/\/sites.ecclesia.pt\/caritas.pt\/caritasvilar\/wp-json\/wp\/v2\/pages\/196\/revisions\/924"}],"up":[{"embeddable":true,"href":"https:\/\/sites.ecclesia.pt\/caritas.pt\/caritasvilar\/wp-json\/wp\/v2\/pages\/190"}],"wp:attachment":[{"href":"https:\/\/sites.ecclesia.pt\/caritas.pt\/caritasvilar\/wp-json\/wp\/v2\/media?parent=196"}],"curies":[{"name":"wp","href":"https:\/\/api.w.org\/{rel}","templated":true}]}}