{"id":2,"date":"2014-06-30T15:47:51","date_gmt":"2014-06-30T15:47:51","guid":{"rendered":"http:\/\/caritas.pt\/caritasvilar\/?page_id=2"},"modified":"2024-12-03T16:59:02","modified_gmt":"2024-12-03T16:59:02","slug":"historia","status":"publish","type":"page","link":"https:\/\/sites.ecclesia.pt\/caritas.pt\/caritasvilar\/instituicao\/historia\/","title":{"rendered":"Hist\u00f3ria"},"content":{"rendered":"<p style=\"text-align: justify;\">A <strong>C\u00e1ritas Paroquial de Vilar<\/strong> \u00e9 uma Institui\u00e7\u00e3o Particular de Solidariedade Social (IPSS), sedeada e localizada na freguesia de Vilar, concelho do Cadaval, que desenvolve o seu trabalho no \u00e2mbito da atua\u00e7\u00e3o e interven\u00e7\u00e3o em mat\u00e9ria de a\u00e7\u00e3o social.<\/p>\n<p style=\"text-align: justify;\">Co<img fetchpriority=\"high\" decoding=\"async\" class=\"size-medium wp-image-1258 alignleft\" src=\"https:\/\/sites.ecclesia.pt\/caritas.pt\/caritasvilar\/wp-content\/uploads\/fachadap-1-300x225.jpg\" alt=\"\" width=\"300\" height=\"225\" srcset=\"https:\/\/sites.ecclesia.pt\/caritas.pt\/caritasvilar\/wp-content\/uploads\/fachadap-1-300x225.jpg 300w, https:\/\/sites.ecclesia.pt\/caritas.pt\/caritasvilar\/wp-content\/uploads\/fachadap-1-768x576.jpg 768w, https:\/\/sites.ecclesia.pt\/caritas.pt\/caritasvilar\/wp-content\/uploads\/fachadap-1.jpg 1000w\" sizes=\"(max-width: 300px) 100vw, 300px\" \/>m a crescente necessidade de presta\u00e7\u00e3o de apoio \u00e0 popula\u00e7\u00e3o idosa mais carenciada da freguesia, a <b>C\u00e1ritas Paroquial de Vilar<\/b> come\u00e7ou o seu trabalho na d\u00e9cada de 90. Desde ent\u00e3o, a institui\u00e7\u00e3o tem vindo a alargar os servi\u00e7os e o n\u00famero de pessoas abrangidas pelo apoio prestado, sendo atualmente mais de 100 os benefici\u00e1rios.<!--more--><\/p>\n<p style=\"text-align: justify;\">Este contexto de trabalho com a popula\u00e7\u00e3o mais idosa prende-se com as carater\u00edsticas e necessidades da freguesia, mas n\u00e3o \u00e9 de excluir, no futuro, uma interven\u00e7\u00e3o que tamb\u00e9m venha a abranger outras faixas et\u00e1rias da comunidade.<\/p>\n<p style=\"text-align: justify;\">Com o objetivo de formalizar o nosso trabalho, foram celebrados Acordos de Coopera\u00e7\u00e3o com o Instituto de Seguran\u00e7a Social para a cria\u00e7\u00e3o das respostas sociais de <b>Apoio Domicili\u00e1rio<\/b> (desde 30 de dezembro de 1994) e do <b>Centro de Dia<\/b> (em 31 de julho de 1997).<br \/>\nEstas respostas sociais de apoio direto \u00e0 popula\u00e7\u00e3o vieram a ser complementadas com a constru\u00e7\u00e3o do <b>Lar de Nossa Senhora do \u00d3<\/b>, em 2006. Em 2002 lan\u00e7ou-se o projeto para a constru\u00e7\u00e3o de instala\u00e7\u00f5es pr\u00f3prias e, a 13 de maio de 2006, foram inauguradas as modernas instala\u00e7\u00f5es da <b>C\u00e1ritas Paroquial de Vilar<\/b>, que albergam a <b>Estrutura Residencial para Idosos <\/b>e o <b>Centro de Dia<\/b>. Tamb\u00e9m \u00e9 daqui que saem diariamente as equipas que prestam os servi\u00e7os de <b>Apoio Domicili\u00e1rio<\/b>.<\/p>\n<p style=\"text-align: justify;\">Os servi\u00e7os \u00e0 comunidade s\u00e3o ainda complementados com a parceria com o <strong>Banco Alimentar do Oeste<\/strong>, funcionando a <b>C\u00e1ritas de Vilar<\/b> como institui\u00e7\u00e3o mediadora na distribui\u00e7\u00e3o de alimentos \u00e0 popula\u00e7\u00e3o carenciada. A nossa institui\u00e7\u00e3o tamb\u00e9m tem assumido um papel relevante enquanto dinamizadora do tecido socioecon\u00f3mico local, visto sermos um dos maiores empregadores da freguesia.<\/p>\n<p style=\"text-align: justify;\">A <b>C\u00e1ritas Paroquial de Vilar<\/b> presta ainda apoio \u00e0 popula\u00e7\u00e3o de localidades como P\u00earo Moniz e Martim Joanes, bem como \u00e0 freguesia de Vila Verde dos Francos, no vizinho concelho de Alenquer.<\/p>\n<p style=\"text-align: justify;\">A institui\u00e7\u00e3o \u00e9 parceira do programa \u201cRede Social\u201d da C\u00e2mara Municipal do Cadaval enquanto membro do Conselho Local de A\u00e7\u00e3o Social:\u00a0<a title=\"Rede Social Cadaval\" href=\"https:\/\/sites.ecclesia.pt\/caritas.pt\/caritasvilar\/projetos\/rede-social\/\" target=\"_blank\" rel=\"noopener\">consulte <strong>AQUI<\/strong><\/a><\/p>\n<p style=\"text-align: justify;\">Temos vindo a crescer, quer no n\u00famero de pessoas \u00e0s quais prestamos apoio, quer na diversidade e qualidade dos servi\u00e7os prestados. Com a amplia\u00e7\u00e3o do <b>Lar de Nossa Senhora do \u00d3 <\/b>aument\u00e1mos, em maio de 2014, a oferta da Estrutura Residencial para Idosos para 46 camas, o dobro do que era anteriormente disponibilizado. Temos instala\u00e7\u00f5es amplas, confort\u00e1veis e modernas e uma equipa de profissionais com qualidades t\u00e9cnicas e humanas, muito empenhada em continuar este trabalho em prol da comunidade e tomando sempre como m\u00e1xima o que pauta a nossa miss\u00e3o: <span class=\"s2\"><b>\u201cServir a pessoa com respeito pela sua dignidade humana\u201d.<\/b><\/span><\/p>\n","protected":false},"excerpt":{"rendered":"<p>A C\u00e1ritas Paroquial de Vilar \u00e9 uma Institui\u00e7\u00e3o Particular de Solidariedade Social (IPSS), sedeada e localizada na freguesia de Vilar, concelho do Cadaval, que desenvolve [&hellip;]<\/p>\n","protected":false},"author":1,"featured_media":0,"parent":166,"menu_order":0,"comment_status":"open","ping_status":"closed","template":"","meta":{"site-sidebar-layout":"default","site-content-layout":"","ast-site-content-layout":"default","site-content-style":"default","site-sidebar-style":"default","ast-global-header-display":"","ast-banner-title-visibility":"","ast-main-header-display":"","ast-hfb-above-header-display":"","ast-hfb-below-header-display":"","ast-hfb-mobile-header-display":"","site-post-title":"","ast-breadcrumbs-content":"","ast-featured-img":"","footer-sml-layout":"","ast-disable-related-posts":"","theme-transparent-header-meta":"default","adv-header-id-meta":"","stick-header-meta":"default","header-above-stick-meta":"","header-main-stick-meta":"","header-below-stick-meta":"","astra-migrate-meta-layouts":"set","ast-page-background-enabled":"default","ast-page-background-meta":{"desktop":{"background-color":"var(--ast-global-color-4)","background-image":"","background-repeat":"repeat","background-position":"center center","background-size":"auto","background-attachment":"scroll","background-type":"","background-media":"","overlay-type":"","overlay-color":"","overlay-opacity":"","overlay-gradient":""},"tablet":{"background-color":"","background-image":"","background-repeat":"repeat","background-position":"center center","background-size":"auto","background-attachment":"scroll","background-type":"","background-media":"","overlay-type":"","overlay-color":"","overlay-opacity":"","overlay-gradient":""},"mobile":{"background-color":"","background-image":"","background-repeat":"repeat","background-position":"center center","background-size":"auto","background-attachment":"scroll","background-type":"","background-media":"","overlay-type":"","overlay-color":"","overlay-opacity":"","overlay-gradient":""}},"ast-content-background-meta":{"desktop":{"background-color":"var(--ast-global-color-5)","background-image":"","background-repeat":"repeat","background-position":"center center","background-size":"auto","background-attachment":"scroll","background-type":"","background-media":"","overlay-type":"","overlay-color":"","overlay-opacity":"","overlay-gradient":""},"tablet":{"background-color":"var(--ast-global-color-5)","background-image":"","background-repeat":"repeat","background-position":"center center","background-size":"auto","background-attachment":"scroll","background-type":"","background-media":"","overlay-type":"","overlay-color":"","overlay-opacity":"","overlay-gradient":""},"mobile":{"background-color":"var(--ast-global-color-5)","background-image":"","background-repeat":"repeat","background-position":"center center","background-size":"auto","background-attachment":"scroll","background-type":"","background-media":"","overlay-type":"","overlay-color":"","overlay-opacity":"","overlay-gradient":""}},"footnotes":""},"class_list":["post-2","page","type-page","status-publish","hentry"],"_links":{"self":[{"href":"https:\/\/sites.ecclesia.pt\/caritas.pt\/caritasvilar\/wp-json\/wp\/v2\/pages\/2","targetHints":{"allow":["GET"]}}],"collection":[{"href":"https:\/\/sites.ecclesia.pt\/caritas.pt\/caritasvilar\/wp-json\/wp\/v2\/pages"}],"about":[{"href":"https:\/\/sites.ecclesia.pt\/caritas.pt\/caritasvilar\/wp-json\/wp\/v2\/types\/page"}],"author":[{"embeddable":true,"href":"https:\/\/sites.ecclesia.pt\/caritas.pt\/caritasvilar\/wp-json\/wp\/v2\/users\/1"}],"replies":[{"embeddable":true,"href":"https:\/\/sites.ecclesia.pt\/caritas.pt\/caritasvilar\/wp-json\/wp\/v2\/comments?post=2"}],"version-history":[{"count":15,"href":"https:\/\/sites.ecclesia.pt\/caritas.pt\/caritasvilar\/wp-json\/wp\/v2\/pages\/2\/revisions"}],"predecessor-version":[{"id":1282,"href":"https:\/\/sites.ecclesia.pt\/caritas.pt\/caritasvilar\/wp-json\/wp\/v2\/pages\/2\/revisions\/1282"}],"up":[{"embeddable":true,"href":"https:\/\/sites.ecclesia.pt\/caritas.pt\/caritasvilar\/wp-json\/wp\/v2\/pages\/166"}],"wp:attachment":[{"href":"https:\/\/sites.ecclesia.pt\/caritas.pt\/caritasvilar\/wp-json\/wp\/v2\/media?parent=2"}],"curies":[{"name":"wp","href":"https:\/\/api.w.org\/{rel}","templated":true}]}}