{"id":202,"date":"2026-02-26T12:12:45","date_gmt":"2026-02-26T12:12:45","guid":{"rendered":"https:\/\/sites.ecclesia.pt\/festaseromarias\/?page_id=202"},"modified":"2026-04-06T12:11:04","modified_gmt":"2026-04-06T11:11:04","slug":"sobre-nos","status":"publish","type":"page","link":"https:\/\/sites.ecclesia.pt\/festaseromarias\/sobre-nos\/","title":{"rendered":"Sobre N\u00f3s"},"content":{"rendered":"\t\t<div data-elementor-type=\"wp-page\" data-elementor-id=\"202\" class=\"elementor elementor-202\">\n\t\t\t\t<div class=\"elementor-element elementor-element-2c6a12a4 e-flex e-con-boxed e-con e-parent\" data-id=\"2c6a12a4\" data-element_type=\"container\" data-e-type=\"container\">\n\t\t\t\t\t<div class=\"e-con-inner\">\n\t\t\t\t<div class=\"elementor-element elementor-element-54c98444 elementor-widget elementor-widget-text-editor\" data-id=\"54c98444\" data-element_type=\"widget\" data-e-type=\"widget\" data-widget_type=\"text-editor.default\">\n\t\t\t\t\t\t\t\t\t<p>QUANTAS FESTAS, ROMARIAS OU TRADI\u00c7\u00d5ES RELIGIOSAS CAT\u00d3LICAS ACONTECEM EM PORTUGAL? COMO AS PODEMOS CONHECER E DAR A CONHECER?<\/p><p>H\u00e1, por certo, uma realidade muito extensa, que cada pessoa, cada comunidade conhece, vive, sente e muito valoriza. S\u00e3o acontecimentos que precisamos de partilhar, para que, numa viagem, numa visita ocasional ou num passeio programado, a festa, a romaria ou a tradi\u00e7\u00e3o religiosa possa ser presenciada e celebrada por mais pessoas, motivando o enriquecimento cultural e religioso de todos.<\/p><p>Como podemos dar a conhecer a festa, a romaria ou a tradi\u00e7\u00e3o religiosa?<\/p><p>Este portal \u00e9 uma resposta.<\/p><p>O projeto surgiu num di\u00e1logo entre diferentes setores da pastoral da Confer\u00eancia Episcopal Portuguesa: os secretariados do Turismo, Cultura, Bens Culturais e Comunica\u00e7\u00f5es Sociais, que sentiram a necessidade de conhecer e divulgar o que acontece, em cada regi\u00e3o de Portugal, e \u00e9 vivido de forma intensa pelas v\u00e1rias comunidades. Partilharam esta ideia com a Ag\u00eancia ECCLESIA, ag\u00eancia de not\u00edcias da Igreja Cat\u00f3lica em Portugal, e juntos lan\u00e7amos este projeto: reunir a informa\u00e7\u00e3o sobre todas as festas, romarias e tradi\u00e7\u00f5es religiosas em Portugal.<\/p><p>Como fazer? S\u00f3 contando com o contributo de todos!<\/p><p>Qual o desafio, ent\u00e3o?<\/p><p>Que cada par\u00f3quia, comunidade, confraria, associa\u00e7\u00e3o de festas ou uma pessoa partilhe o que conhece ou o que dinamiza. Siga o bot\u00e3o \u201c<strong><a href=\"https:\/\/sites.ecclesia.pt\/festaseromarias\/inserir-festas-e-romarias\/\">Adicionar<\/a><\/strong>\u201d e partilhe a hist\u00f3ria e a viv\u00eancia da festa, romaria ou tradi\u00e7\u00e3o religiosa que conhece.<\/p><p>Alguns crit\u00e9rios:<\/p><ul><li>Os conte\u00fados adicionados v\u00e3o ser editados e validados pela equipa promotora deste projeto;<\/li><li>Textos adicionados n\u00e3o devem ser superiores a 3000 caracteres, incluindo espa\u00e7os;<\/li><li>S\u00f3 \u00e9 poss\u00edvel adicionar at\u00e9 10 fotografias, com o m\u00e1ximo de 5 mb cada uma;<\/li><li>Os conte\u00fados adicionados, textos e fotografias, t\u00eam de ser acompanhados da respetiva ced\u00eancia de direitos de autor. Para isso, ap\u00f3s adicionar um conte\u00fado, vai receber um e-mail enviado por <a href=\"mailto:festaseromarias@ecclesia.pt\">festaseromarias@ecclesia.pt<\/a> onde pedimos que confirme a autoria dos textos e fotografias e, no caso da autoria n\u00e3o ser de quem adiciona o conte\u00fado, pedimos uma declara\u00e7\u00e3o de ced\u00eancia de direitos do respetivo autor do texto e das fotografias;<\/li><li>A equipa promotora deste projeto reserva-se no direito de gerir o portal de acordo com os fins para os quais foi criado.<\/li><\/ul><p>Muito gratos pela sua colabora\u00e7\u00e3o, estamos ao dispor para qualquer esclarecimento atrav\u00e9s do e-mail <a href=\"mailto:festaseromarias@ecclesia.pt\">festaseromarias@ecclesia.pt<\/a><\/p><p>CONTAMOS COM A PARTICIPA\u00c7\u00c3O DE TODOS NESTA PARTILHA DE F\u00c9 E CULTURA!<\/p>\t\t\t\t\t\t\t\t<\/div>\n\t\t\t\t\t<\/div>\n\t\t\t\t<\/div>\n\t\t\t\t<\/div>\n\t\t","protected":false},"excerpt":{"rendered":"<p>QUANTAS FESTAS, ROMARIAS OU TRADI\u00c7\u00d5ES RELIGIOSAS CAT\u00d3LICAS ACONTECEM EM PORTUGAL? COMO AS PODEMOS CONHECER E DAR A CONHECER? H\u00e1, por [&hellip;]<\/p>\n","protected":false},"author":1,"featured_media":0,"parent":0,"menu_order":0,"comment_status":"closed","ping_status":"closed","template":"","meta":{"site-sidebar-layout":"default","site-content-layout":"","ast-site-content-layout":"default","site-content-style":"default","site-sidebar-style":"default","ast-global-header-display":"","ast-banner-title-visibility":"","ast-main-header-display":"","ast-hfb-above-header-display":"","ast-hfb-below-header-display":"","ast-hfb-mobile-header-display":"","site-post-title":"","ast-breadcrumbs-content":"","ast-featured-img":"","footer-sml-layout":"","ast-disable-related-posts":"","theme-transparent-header-meta":"default","adv-header-id-meta":"","stick-header-meta":"","header-above-stick-meta":"","header-main-stick-meta":"","header-below-stick-meta":"","astra-migrate-meta-layouts":"set","ast-page-background-enabled":"default","ast-page-background-meta":{"desktop":{"background-color":"var(--ast-global-color-5)","background-image":"","background-repeat":"repeat","background-position":"center center","background-size":"auto","background-attachment":"scroll","background-type":"","background-media":"","overlay-type":"","overlay-color":"","overlay-opacity":"","overlay-gradient":""},"tablet":{"background-color":"","background-image":"","background-repeat":"repeat","background-position":"center center","background-size":"auto","background-attachment":"scroll","background-type":"","background-media":"","overlay-type":"","overlay-color":"","overlay-opacity":"","overlay-gradient":""},"mobile":{"background-color":"","background-image":"","background-repeat":"repeat","background-position":"center center","background-size":"auto","background-attachment":"scroll","background-type":"","background-media":"","overlay-type":"","overlay-color":"","overlay-opacity":"","overlay-gradient":""}},"ast-content-background-meta":{"desktop":{"background-color":"var(--ast-global-color-4)","background-image":"","background-repeat":"repeat","background-position":"center center","background-size":"auto","background-attachment":"scroll","background-type":"","background-media":"","overlay-type":"","overlay-color":"","overlay-opacity":"","overlay-gradient":""},"tablet":{"background-color":"var(--ast-global-color-4)","background-image":"","background-repeat":"repeat","background-position":"center center","background-size":"auto","background-attachment":"scroll","background-type":"","background-media":"","overlay-type":"","overlay-color":"","overlay-opacity":"","overlay-gradient":""},"mobile":{"background-color":"var(--ast-global-color-4)","background-image":"","background-repeat":"repeat","background-position":"center center","background-size":"auto","background-attachment":"scroll","background-type":"","background-media":"","overlay-type":"","overlay-color":"","overlay-opacity":"","overlay-gradient":""}},"footnotes":""},"class_list":["post-202","page","type-page","status-publish","hentry"],"_links":{"self":[{"href":"https:\/\/sites.ecclesia.pt\/festaseromarias\/wp-json\/wp\/v2\/pages\/202","targetHints":{"allow":["GET"]}}],"collection":[{"href":"https:\/\/sites.ecclesia.pt\/festaseromarias\/wp-json\/wp\/v2\/pages"}],"about":[{"href":"https:\/\/sites.ecclesia.pt\/festaseromarias\/wp-json\/wp\/v2\/types\/page"}],"author":[{"embeddable":true,"href":"https:\/\/sites.ecclesia.pt\/festaseromarias\/wp-json\/wp\/v2\/users\/1"}],"replies":[{"embeddable":true,"href":"https:\/\/sites.ecclesia.pt\/festaseromarias\/wp-json\/wp\/v2\/comments?post=202"}],"version-history":[{"count":25,"href":"https:\/\/sites.ecclesia.pt\/festaseromarias\/wp-json\/wp\/v2\/pages\/202\/revisions"}],"predecessor-version":[{"id":327,"href":"https:\/\/sites.ecclesia.pt\/festaseromarias\/wp-json\/wp\/v2\/pages\/202\/revisions\/327"}],"wp:attachment":[{"href":"https:\/\/sites.ecclesia.pt\/festaseromarias\/wp-json\/wp\/v2\/media?parent=202"}],"curies":[{"name":"wp","href":"https:\/\/api.w.org\/{rel}","templated":true}]}}