{"id":11,"date":"2024-07-25T14:42:04","date_gmt":"2024-07-25T14:42:04","guid":{"rendered":"https:\/\/sites.ecclesia.pt\/jornadas2024\/?page_id=11"},"modified":"2024-09-30T13:40:58","modified_gmt":"2024-09-30T13:40:58","slug":"programa","status":"publish","type":"page","link":"https:\/\/sites.ecclesia.pt\/jornadas2024\/","title":{"rendered":"entrada"},"content":{"rendered":"\t\t<div data-elementor-type=\"wp-page\" data-elementor-id=\"11\" class=\"elementor elementor-11\" data-elementor-post-type=\"page\">\n\t\t\t\t<div class=\"elementor-element elementor-element-fc3eb65 e-flex e-con-boxed e-con e-parent\" data-id=\"fc3eb65\" data-element_type=\"container\" data-e-type=\"container\">\n\t\t\t\t\t<div class=\"e-con-inner\">\n\t\t\t\t<div class=\"elementor-element elementor-element-ff07079 elementor-widget elementor-widget-image\" data-id=\"ff07079\" data-element_type=\"widget\" data-e-type=\"widget\" data-widget_type=\"image.default\">\n\t\t\t\t<div class=\"elementor-widget-container\">\n\t\t\t\t\t\t\t\t\t\t\t\t\t\t\t<img fetchpriority=\"high\" decoding=\"async\" width=\"1901\" height=\"700\" src=\"https:\/\/sites.ecclesia.pt\/jornadas2024\/wp-content\/uploads\/2024\/07\/jornalismo-ai-1900.jpg\" class=\"attachment-full size-full wp-image-48\" alt=\"\" srcset=\"https:\/\/sites.ecclesia.pt\/jornadas2024\/wp-content\/uploads\/2024\/07\/jornalismo-ai-1900.jpg 1901w, https:\/\/sites.ecclesia.pt\/jornadas2024\/wp-content\/uploads\/2024\/07\/jornalismo-ai-1900-300x110.jpg 300w, https:\/\/sites.ecclesia.pt\/jornadas2024\/wp-content\/uploads\/2024\/07\/jornalismo-ai-1900-1024x377.jpg 1024w, https:\/\/sites.ecclesia.pt\/jornadas2024\/wp-content\/uploads\/2024\/07\/jornalismo-ai-1900-768x283.jpg 768w, https:\/\/sites.ecclesia.pt\/jornadas2024\/wp-content\/uploads\/2024\/07\/jornalismo-ai-1900-1536x566.jpg 1536w\" sizes=\"(max-width: 1901px) 100vw, 1901px\" \/>\t\t\t\t\t\t\t\t\t\t\t\t\t\t\t<\/div>\n\t\t\t\t<\/div>\n\t\t\t\t\t<\/div>\n\t\t\t\t<\/div>\n\t\t<div class=\"elementor-element elementor-element-9552bc0 e-flex e-con-boxed e-con e-parent\" data-id=\"9552bc0\" data-element_type=\"container\" data-e-type=\"container\">\n\t\t\t\t\t<div class=\"e-con-inner\">\n\t\t\t\t<div class=\"elementor-element elementor-element-3b5878a elementor-widget elementor-widget-html\" data-id=\"3b5878a\" data-element_type=\"widget\" data-e-type=\"widget\" data-widget_type=\"html.default\">\n\t\t\t\t<div class=\"elementor-widget-container\">\n\t\t\t\t\t<script>\r\njQuery(document).ready(function($) {\r\nvar delay = 100; setTimeout(function() {\r\n$('.elementor-tab-title').removeClass('elementor-active');\r\n $('.elementor-tab-content').css('display', 'none'); }, delay);\r\n});\r\n<\/script>\t\t\t\t<\/div>\n\t\t\t\t<\/div>\n\t\t\t\t\t<\/div>\n\t\t\t\t<\/div>\n\t\t<div class=\"elementor-element elementor-element-3e17017 e-con-full e-flex e-con e-parent\" data-id=\"3e17017\" data-element_type=\"container\" data-e-type=\"container\">\n\t\t\t\t<div class=\"elementor-element elementor-element-3f6c34c elementor-widget elementor-widget-toggle\" data-id=\"3f6c34c\" data-element_type=\"widget\" data-e-type=\"widget\" data-widget_type=\"toggle.default\">\n\t\t\t\t<div class=\"elementor-widget-container\">\n\t\t\t\t\t\t\t<div class=\"elementor-toggle\">\n\t\t\t\t\t\t\t<div class=\"elementor-toggle-item\">\n\t\t\t\t\t<div id=\"elementor-tab-title-6651\" class=\"elementor-tab-title\" data-tab=\"1\" role=\"button\" aria-controls=\"elementor-tab-content-6651\" aria-expanded=\"false\">\n\t\t\t\t\t\t\t\t\t\t\t\t<span class=\"elementor-toggle-icon elementor-toggle-icon-left\" aria-hidden=\"true\">\n\t\t\t\t\t\t\t\t\t\t\t\t\t\t\t<span class=\"elementor-toggle-icon-closed\"><svg class=\"e-font-icon-svg e-fas-caret-right\" viewBox=\"0 0 192 512\" xmlns=\"http:\/\/www.w3.org\/2000\/svg\"><path d=\"M0 384.662V127.338c0-17.818 21.543-26.741 34.142-14.142l128.662 128.662c7.81 7.81 7.81 20.474 0 28.284L34.142 398.804C21.543 411.404 0 402.48 0 384.662z\"><\/path><\/svg><\/span>\n\t\t\t\t\t\t\t\t<span class=\"elementor-toggle-icon-opened\"><svg class=\"elementor-toggle-icon-opened e-font-icon-svg e-fas-caret-up\" viewBox=\"0 0 320 512\" xmlns=\"http:\/\/www.w3.org\/2000\/svg\"><path d=\"M288.662 352H31.338c-17.818 0-26.741-21.543-14.142-34.142l128.662-128.662c7.81-7.81 20.474-7.81 28.284 0l128.662 128.662c12.6 12.599 3.676 34.142-14.142 34.142z\"><\/path><\/svg><\/span>\n\t\t\t\t\t\t\t\t\t\t\t\t\t<\/span>\n\t\t\t\t\t\t\t\t\t\t\t\t<a class=\"elementor-toggle-title\" tabindex=\"0\">PROGRAMA \/CONFER\u00caNCIAS<\/a>\n\t\t\t\t\t<\/div>\n\n\t\t\t\t\t<div id=\"elementor-tab-content-6651\" class=\"elementor-tab-content elementor-clearfix\" data-tab=\"1\" role=\"region\" aria-labelledby=\"elementor-tab-title-6651\"><h3><strong>Jornalismo e Intelig\u00eancia artificial<\/strong><\/h3><p><em>Jornadas Nacionais de Comunica\u00e7\u00e3o Social<br \/><\/em><em>F\u00e1tima, 26 e 27 de setembro de 2024<\/em><\/p><p><strong>Quinta-feira, 26 de setembro<\/strong><\/p><p>14h30 \u2013 Abertura<\/p><p>D. Nuno Br\u00e1s<br \/><em>Presidente da Comiss\u00e3o Episcopal da Cultura, Bens Culturais e Comunica\u00e7\u00f5es Sociais<\/em><\/p><p>Isabel Figueiredo<br \/><em>Diretora do Secretariado Nacional das Comunica\u00e7\u00f5es Sociais<\/em><\/p><p><div class=\"ast-oembed-container \" style=\"height: 100%;\"><iframe title=\"Jornadas Nacionais de Comunicac\u0327a\u0303o Social - Sess\u00e3o de abertura\" width=\"1200\" height=\"675\" src=\"https:\/\/www.youtube.com\/embed\/tBq_EmB9H4c?feature=oembed\" frameborder=\"0\" allow=\"accelerometer; autoplay; clipboard-write; encrypted-media; gyroscope; picture-in-picture; web-share\" referrerpolicy=\"strict-origin-when-cross-origin\" allowfullscreen><\/iframe><\/div><\/p><p>Confer\u00eancia de abertura<br \/><strong><em>Comunica\u00e7\u00e3o, criatividade e intelig\u00eancia artificial<br \/><\/em><\/strong>Francisca Seabra &#8211; CEO Burson<\/p><p><div class=\"ast-oembed-container \" style=\"height: 100%;\"><iframe title=\"Confer\u00eancia de abertura - Comunica\u00e7\u00e3o, criatividade e intelig\u00eancia artificial\" width=\"1200\" height=\"675\" src=\"https:\/\/www.youtube.com\/embed\/p0jpmtxEAMk?feature=oembed\" frameborder=\"0\" allow=\"accelerometer; autoplay; clipboard-write; encrypted-media; gyroscope; picture-in-picture; web-share\" referrerpolicy=\"strict-origin-when-cross-origin\" allowfullscreen><\/iframe><\/div><\/p><p>16h00 Intervalo<\/p><p>16h30 \u2013 Workshop 1<br \/><strong><em>Ferramentas da IA para o jornalismo<br \/><\/em><\/strong>Ana Pinto Martinho e Ricardo Dias &#8211; Cenjor<\/p><p><div class=\"ast-oembed-container \" style=\"height: 100%;\"><iframe title=\"Ferramentas da IA para o jornalismo\" width=\"1200\" height=\"675\" src=\"https:\/\/www.youtube.com\/embed\/G1KoCxCEd70?feature=oembed\" frameborder=\"0\" allow=\"accelerometer; autoplay; clipboard-write; encrypted-media; gyroscope; picture-in-picture; web-share\" referrerpolicy=\"strict-origin-when-cross-origin\" allowfullscreen><\/iframe><\/div><\/p><p><div class=\"ast-oembed-container \" style=\"height: 100%;\"><iframe title=\"Ferramentas da IA para o jornalismo - Ricardo Dias \u2013 Cenjor\" width=\"1200\" height=\"675\" src=\"https:\/\/www.youtube.com\/embed\/N_BT_fzW0Y4?feature=oembed\" frameborder=\"0\" allow=\"accelerometer; autoplay; clipboard-write; encrypted-media; gyroscope; picture-in-picture; web-share\" referrerpolicy=\"strict-origin-when-cross-origin\" allowfullscreen><\/iframe><\/div><\/p><p>18h00 Workshop<br \/><em><strong>Ferramentas da IA para o jornalismo II<\/strong> (Exerc\u00edcios pr\u00e1ticos por grupos)<br \/><\/em>Ana Pinto Martinho e Ricardo Dias &#8211; Cenjor<\/p><p>20h00 Jantar<\/p><p><strong>Dia 27, Sexta-feira<\/strong><\/p><p>08h00 \u2013 Missa no Carmelo de F\u00e1tima<br \/>09h00 \u2013 Pequeno almo\u00e7o<\/p><p>09h30 \u2013 Mesa redonda<br \/><strong><em>Jornalismo artificial?<br \/><\/em><\/strong><em>. <strong>Literacia medi\u00e1tica para todos, todos, todos<\/strong><\/em> (Padre Miguel Neto, Diocese do Algarve)<\/p><p><div class=\"ast-oembed-container \" style=\"height: 100%;\"><iframe title=\"Literacia medi\u00e1tica para todos, todos, todos\" width=\"1200\" height=\"675\" src=\"https:\/\/www.youtube.com\/embed\/QfcEjD5on74?feature=oembed\" frameborder=\"0\" allow=\"accelerometer; autoplay; clipboard-write; encrypted-media; gyroscope; picture-in-picture; web-share\" referrerpolicy=\"strict-origin-when-cross-origin\" allowfullscreen><\/iframe><\/div><\/p><p><em>. <strong>Verdade entre confrontos de certezas<\/strong><\/em> (Isadora Ata\u00edde Fonseca, FCH\/UCP)<\/p><p><div class=\"ast-oembed-container \" style=\"height: 100%;\"><iframe title=\"Verdade entre confrontos de certezas\" width=\"1200\" height=\"675\" src=\"https:\/\/www.youtube.com\/embed\/f-4H3GCMvqM?feature=oembed\" frameborder=\"0\" allow=\"accelerometer; autoplay; clipboard-write; encrypted-media; gyroscope; picture-in-picture; web-share\" referrerpolicy=\"strict-origin-when-cross-origin\" allowfullscreen><\/iframe><\/div><\/p><p><br \/><em>. <strong>Intelig\u00eancia Artificial e Jornalismo: uma Carta de Princ\u00edpios<\/strong><\/em> (Joana Beleza, jornalista Expresso)<\/p><p><div class=\"ast-oembed-container \" style=\"height: 100%;\"><iframe title=\"Intelig\u00eancia Artificial e Jornalismo: uma Carta de Princ\u00edpios\" width=\"1200\" height=\"675\" src=\"https:\/\/www.youtube.com\/embed\/lqd1mtsrG_g?feature=oembed\" frameborder=\"0\" allow=\"accelerometer; autoplay; clipboard-write; encrypted-media; gyroscope; picture-in-picture; web-share\" referrerpolicy=\"strict-origin-when-cross-origin\" allowfullscreen><\/iframe><\/div><\/p><p><br \/>Modera\u00e7\u00e3o: Oct\u00e1vio Carmo, chefe de reda\u00e7\u00e3o da Ag\u00eancia Ecclesia<\/p><p>11h00 \u2013 Intervalo<\/p><p>11h30 \u2013 <em>Confer\u00eancia de encerramento<br \/><\/em><strong>Intelig\u00eancia artificial: Desafios \u00e9ticos<\/strong> &#8211; Mara de Sousa Freitas, diretora do Instituto Bio\u00e9tica\/UCP<\/p><p><div class=\"ast-oembed-container \" style=\"height: 100%;\"><iframe title=\"Intelig\u00eancia artificial: Desafios \u00e9ticos\" width=\"1200\" height=\"675\" src=\"https:\/\/www.youtube.com\/embed\/0PYRd6wKpts?feature=oembed\" frameborder=\"0\" allow=\"accelerometer; autoplay; clipboard-write; encrypted-media; gyroscope; picture-in-picture; web-share\" referrerpolicy=\"strict-origin-when-cross-origin\" allowfullscreen><\/iframe><\/div><\/p><p><br \/>Modera\u00e7\u00e3o: Padre Tiago Melo, Jornalista, Diretor-Geral da Paulus<\/p><p>12h30 \u2013 Encerramento<\/p><p><div class=\"ast-oembed-container \" style=\"height: 100%;\"><iframe title=\"Encerramento das Jornadas Nacionais de Comunicac\u0327a\u0303o Social\" width=\"1200\" height=\"675\" src=\"https:\/\/www.youtube.com\/embed\/ashhcWP8_uE?feature=oembed\" frameborder=\"0\" allow=\"accelerometer; autoplay; clipboard-write; encrypted-media; gyroscope; picture-in-picture; web-share\" referrerpolicy=\"strict-origin-when-cross-origin\" allowfullscreen><\/iframe><\/div><\/p><p>13h00 \u2013 Almo\u00e7o<\/p><p>15h00<\/p><p><em>Celebra\u00e7\u00e3o e homenagem<br \/><\/em><strong>Ant\u00f3nio Rego: 60 anos de sacerd\u00f3cio e jornalismo<\/strong><\/p><p><em>Abertura<br \/><\/em>Isabel Figueiredo<br \/><em>Diretora do Secretariado Nacional das Comunica\u00e7\u00f5es Sociais<\/em><\/p><p>Di\u00e1logo do Padre Ant\u00f3nio Rego com <br \/>Carlos Liz<br \/>Jos\u00e9 Lopes Ara\u00fajo <br \/>Modera\u00e7\u00e3o: Paulo Rocha<\/p><p><div class=\"ast-oembed-container \" style=\"height: 100%;\"><iframe title=\"Celebrac\u0327a\u0303o e homenagem Anto\u0301nio Rego  - 60 anos de sacerdo\u0301cio e jornalismo\" width=\"1200\" height=\"675\" src=\"https:\/\/www.youtube.com\/embed\/e4nUOLHbjEQ?feature=oembed\" frameborder=\"0\" allow=\"accelerometer; autoplay; clipboard-write; encrypted-media; gyroscope; picture-in-picture; web-share\" referrerpolicy=\"strict-origin-when-cross-origin\" allowfullscreen><\/iframe><\/div><\/p><p><em>Encerramento<br \/><\/em>D. Nuno Br\u00e1s, Presidente da Comiss\u00e3o Episcopal da Cultura, Bens Culturais e Comunica\u00e7\u00f5es Sociais<\/p><p>16h30 \u2013 Porto de honra\/Encerramento<\/p><\/div>\n\t\t\t\t<\/div>\n\t\t\t\t\t\t\t<div class=\"elementor-toggle-item\">\n\t\t\t\t\t<div id=\"elementor-tab-title-6652\" class=\"elementor-tab-title\" data-tab=\"2\" role=\"button\" aria-controls=\"elementor-tab-content-6652\" aria-expanded=\"false\">\n\t\t\t\t\t\t\t\t\t\t\t\t<span class=\"elementor-toggle-icon elementor-toggle-icon-left\" aria-hidden=\"true\">\n\t\t\t\t\t\t\t\t\t\t\t\t\t\t\t<span class=\"elementor-toggle-icon-closed\"><svg class=\"e-font-icon-svg e-fas-caret-right\" viewBox=\"0 0 192 512\" xmlns=\"http:\/\/www.w3.org\/2000\/svg\"><path d=\"M0 384.662V127.338c0-17.818 21.543-26.741 34.142-14.142l128.662 128.662c7.81 7.81 7.81 20.474 0 28.284L34.142 398.804C21.543 411.404 0 402.48 0 384.662z\"><\/path><\/svg><\/span>\n\t\t\t\t\t\t\t\t<span class=\"elementor-toggle-icon-opened\"><svg class=\"elementor-toggle-icon-opened e-font-icon-svg e-fas-caret-up\" viewBox=\"0 0 320 512\" xmlns=\"http:\/\/www.w3.org\/2000\/svg\"><path d=\"M288.662 352H31.338c-17.818 0-26.741-21.543-14.142-34.142l128.662-128.662c7.81-7.81 20.474-7.81 28.284 0l128.662 128.662c12.6 12.599 3.676 34.142-14.142 34.142z\"><\/path><\/svg><\/span>\n\t\t\t\t\t\t\t\t\t\t\t\t\t<\/span>\n\t\t\t\t\t\t\t\t\t\t\t\t<a class=\"elementor-toggle-title\" tabindex=\"0\">CONFERENCISTAS<\/a>\n\t\t\t\t\t<\/div>\n\n\t\t\t\t\t<div id=\"elementor-tab-content-6652\" class=\"elementor-tab-content elementor-clearfix\" data-tab=\"2\" role=\"region\" aria-labelledby=\"elementor-tab-title-6652\"><h4><a href=\"https:\/\/sites.ecclesia.pt\/jornadas2024\/wp-content\/uploads\/2024\/09\/conferencistas2024-13.pdf\" target=\"_blank\" rel=\"noopener\">CONFERENCISTAS<\/a> [pdf]<\/h4><\/div>\n\t\t\t\t<\/div>\n\t\t\t\t\t\t\t\t<\/div>\n\t\t\t\t\t\t<\/div>\n\t\t\t\t<\/div>\n\t\t\t\t<\/div>\n\t\t\t\t<\/div>\n\t\t","protected":false},"excerpt":{"rendered":"<p>PROGRAMA \/CONFER\u00caNCIAS Jornalismo e Intelig\u00eancia artificial Jornadas Nacionais de Comunica\u00e7\u00e3o SocialF\u00e1tima, 26 e 27 de setembro de 2024 Quinta-feira, 26 [&hellip;]<\/p>\n","protected":false},"author":1,"featured_media":0,"parent":0,"menu_order":0,"comment_status":"closed","ping_status":"closed","template":"","meta":{"site-sidebar-layout":"no-sidebar","site-content-layout":"","ast-site-content-layout":"full-width-container","site-content-style":"default","site-sidebar-style":"default","ast-global-header-display":"","ast-banner-title-visibility":"","ast-main-header-display":"","ast-hfb-above-header-display":"","ast-hfb-below-header-display":"","ast-hfb-mobile-header-display":"","site-post-title":"disabled","ast-breadcrumbs-content":"","ast-featured-img":"disabled","footer-sml-layout":"","ast-disable-related-posts":"","theme-transparent-header-meta":"default","adv-header-id-meta":"","stick-header-meta":"","header-above-stick-meta":"","header-main-stick-meta":"","header-below-stick-meta":"","astra-migrate-meta-layouts":"set","ast-page-background-enabled":"default","ast-page-background-meta":{"desktop":{"background-color":"var(--ast-global-color-4)","background-image":"","background-repeat":"repeat","background-position":"center center","background-size":"auto","background-attachment":"scroll","background-type":"","background-media":"","overlay-type":"","overlay-color":"","overlay-opacity":"","overlay-gradient":""},"tablet":{"background-color":"","background-image":"","background-repeat":"repeat","background-position":"center center","background-size":"auto","background-attachment":"scroll","background-type":"","background-media":"","overlay-type":"","overlay-color":"","overlay-opacity":"","overlay-gradient":""},"mobile":{"background-color":"","background-image":"","background-repeat":"repeat","background-position":"center center","background-size":"auto","background-attachment":"scroll","background-type":"","background-media":"","overlay-type":"","overlay-color":"","overlay-opacity":"","overlay-gradient":""}},"ast-content-background-meta":{"desktop":{"background-color":"var(--ast-global-color-5)","background-image":"","background-repeat":"repeat","background-position":"center center","background-size":"auto","background-attachment":"scroll","background-type":"","background-media":"","overlay-type":"","overlay-color":"","overlay-opacity":"","overlay-gradient":""},"tablet":{"background-color":"var(--ast-global-color-5)","background-image":"","background-repeat":"repeat","background-position":"center center","background-size":"auto","background-attachment":"scroll","background-type":"","background-media":"","overlay-type":"","overlay-color":"","overlay-opacity":"","overlay-gradient":""},"mobile":{"background-color":"var(--ast-global-color-5)","background-image":"","background-repeat":"repeat","background-position":"center center","background-size":"auto","background-attachment":"scroll","background-type":"","background-media":"","overlay-type":"","overlay-color":"","overlay-opacity":"","overlay-gradient":""}},"footnotes":""},"class_list":["post-11","page","type-page","status-publish","hentry"],"_links":{"self":[{"href":"https:\/\/sites.ecclesia.pt\/jornadas2024\/wp-json\/wp\/v2\/pages\/11","targetHints":{"allow":["GET"]}}],"collection":[{"href":"https:\/\/sites.ecclesia.pt\/jornadas2024\/wp-json\/wp\/v2\/pages"}],"about":[{"href":"https:\/\/sites.ecclesia.pt\/jornadas2024\/wp-json\/wp\/v2\/types\/page"}],"author":[{"embeddable":true,"href":"https:\/\/sites.ecclesia.pt\/jornadas2024\/wp-json\/wp\/v2\/users\/1"}],"replies":[{"embeddable":true,"href":"https:\/\/sites.ecclesia.pt\/jornadas2024\/wp-json\/wp\/v2\/comments?post=11"}],"version-history":[{"count":99,"href":"https:\/\/sites.ecclesia.pt\/jornadas2024\/wp-json\/wp\/v2\/pages\/11\/revisions"}],"predecessor-version":[{"id":169,"href":"https:\/\/sites.ecclesia.pt\/jornadas2024\/wp-json\/wp\/v2\/pages\/11\/revisions\/169"}],"wp:attachment":[{"href":"https:\/\/sites.ecclesia.pt\/jornadas2024\/wp-json\/wp\/v2\/media?parent=11"}],"curies":[{"name":"wp","href":"https:\/\/api.w.org\/{rel}","templated":true}]}}